{"id":24,"date":"2024-07-26T16:50:54","date_gmt":"2024-07-26T14:50:54","guid":{"rendered":"https:\/\/www.buo-rdc.com\/?page_id=24"},"modified":"2024-07-26T18:11:16","modified_gmt":"2024-07-26T16:11:16","slug":"welcome-to-the-buo-website-in-dr-congo","status":"publish","type":"page","link":"https:\/\/www.buo-rdc.com\/?page_id=24&lang=en","title":{"rendered":"Welcome to the BUO website in DR Congo"},"content":{"rendered":"<p class=\"has-text-align-center has-x-large-font-size\" style=\"text-align: left;\"><span style=\"font-size: 18pt;\"><strong>Health care<br \/>\n<\/strong><\/span><\/p>\n<div class=\"pt-cv-wrapper\"><div class=\"pt-cv-view pt-cv-grid pt-cv-colsys\" id=\"pt-cv-view-a8474b9h6j\"><div data-id=\"pt-cv-page-1\" class=\"pt-cv-page\" data-cvc=\"2\"><div class=\"col-md-6 col-sm-12 col-xs-12 pt-cv-content-item pt-cv-1-col\" ><div class='pt-cv-ifield'><a href=\"https:\/\/www.buo-rdc.com\/?page_id=27\" class=\"_self pt-cv-href-thumbnail pt-cv-thumb-default\" target=\"_self\" ><img fetchpriority=\"high\" decoding=\"async\" width=\"1200\" height=\"585\" src=\"https:\/\/www.buo-rdc.com\/wp-content\/uploads\/2024\/07\/header-page-BUO-LISUNGI.jpg\" class=\"pt-cv-thumbnail\" alt=\"\" srcset=\"https:\/\/www.buo-rdc.com\/wp-content\/uploads\/2024\/07\/header-page-BUO-LISUNGI.jpg 1200w, https:\/\/www.buo-rdc.com\/wp-content\/uploads\/2024\/07\/header-page-BUO-LISUNGI-300x146.jpg 300w, https:\/\/www.buo-rdc.com\/wp-content\/uploads\/2024\/07\/header-page-BUO-LISUNGI-1024x499.jpg 1024w, https:\/\/www.buo-rdc.com\/wp-content\/uploads\/2024\/07\/header-page-BUO-LISUNGI-768x374.jpg 768w\" sizes=\"(max-width: 1200px) 100vw, 1200px\" \/><\/a>\n<h4 class=\"pt-cv-title\"><a href=\"https:\/\/www.buo-rdc.com\/?page_id=27\" class=\"_self\" target=\"_self\" >LISUNGI: la garantie soins de sant\u00e9 adapt\u00e9e au contexte congolais.<\/a><\/h4>\n<div class=\"pt-cv-content\">Depuis 2012, LISUNGI propose aux entreprises, organismes et personnes physiques de Kinshasa une garantie de couverture efficace et \u00e9conomique des ...<br \/><div class=\"pt-cv-rmwrap\"><a href=\"https:\/\/www.buo-rdc.com\/?page_id=27\" class=\"_self pt-cv-readmore btn btn-success\" target=\"_self\">Lire La Suite<\/a><\/div><\/div><\/div><\/div>\n<div class=\"col-md-6 col-sm-12 col-xs-12 pt-cv-content-item pt-cv-1-col\" ><div class='pt-cv-ifield'><a href=\"https:\/\/www.buo-rdc.com\/?page_id=37\" class=\"_self pt-cv-href-thumbnail pt-cv-thumb-default\" target=\"_self\" ><img decoding=\"async\" width=\"1200\" height=\"585\" src=\"https:\/\/www.buo-rdc.com\/wp-content\/uploads\/2024\/07\/header-page-BUO-oraclemed.jpg\" class=\"pt-cv-thumbnail\" alt=\"\" srcset=\"https:\/\/www.buo-rdc.com\/wp-content\/uploads\/2024\/07\/header-page-BUO-oraclemed.jpg 1200w, https:\/\/www.buo-rdc.com\/wp-content\/uploads\/2024\/07\/header-page-BUO-oraclemed-300x146.jpg 300w, https:\/\/www.buo-rdc.com\/wp-content\/uploads\/2024\/07\/header-page-BUO-oraclemed-1024x499.jpg 1024w, https:\/\/www.buo-rdc.com\/wp-content\/uploads\/2024\/07\/header-page-BUO-oraclemed-768x374.jpg 768w\" sizes=\"(max-width: 1200px) 100vw, 1200px\" \/><\/a>\n<h4 class=\"pt-cv-title\"><a href=\"https:\/\/www.buo-rdc.com\/?page_id=37\" class=\"_self\" target=\"_self\" >Evacuation sanitaire sur l\u2019\u00e9tranger ORACLEMED HEALTH<\/a><\/h4>\n<div class=\"pt-cv-content\">LISUNGI propose les services de ORACLEMED HEALTH, un administrateur de sant\u00e9 m\u00e9dicale mondial bas\u00e9 en Afrique du Sud. ORACLEMED HEALTH ...<br \/><div class=\"pt-cv-rmwrap\"><a href=\"https:\/\/www.buo-rdc.com\/?page_id=37\" class=\"_self pt-cv-readmore btn btn-success\" target=\"_self\">Lire La Suite<\/a><\/div><\/div><\/div><\/div><\/div><\/div><\/div>\n<hr \/>\n<p class=\"has-text-align-center has-x-large-font-size\" style=\"text-align: left;\"><span style=\"font-size: 18pt;\"><strong>Computer Science and Finance<\/strong><\/span><\/p>\n<div class=\"pt-cv-wrapper\"><div class=\"pt-cv-view pt-cv-grid pt-cv-colsys\" id=\"pt-cv-view-697863bpgb\"><div data-id=\"pt-cv-page-1\" class=\"pt-cv-page\" data-cvc=\"2\"><div class=\"col-md-6 col-sm-12 col-xs-12 pt-cv-content-item pt-cv-1-col\" ><div class='pt-cv-ifield'><a href=\"https:\/\/www.buo-rdc.com\/?page_id=50\" class=\"_self pt-cv-href-thumbnail pt-cv-thumb-default\" target=\"_self\" ><img decoding=\"async\" width=\"1200\" height=\"585\" src=\"https:\/\/www.buo-rdc.com\/wp-content\/uploads\/2024\/07\/header-page-BUO-SOCENFIN-.jpg\" class=\"pt-cv-thumbnail\" alt=\"\" srcset=\"https:\/\/www.buo-rdc.com\/wp-content\/uploads\/2024\/07\/header-page-BUO-SOCENFIN-.jpg 1200w, https:\/\/www.buo-rdc.com\/wp-content\/uploads\/2024\/07\/header-page-BUO-SOCENFIN--300x146.jpg 300w, https:\/\/www.buo-rdc.com\/wp-content\/uploads\/2024\/07\/header-page-BUO-SOCENFIN--1024x499.jpg 1024w, https:\/\/www.buo-rdc.com\/wp-content\/uploads\/2024\/07\/header-page-BUO-SOCENFIN--768x374.jpg 768w\" sizes=\"(max-width: 1200px) 100vw, 1200px\" \/><\/a>\n<h4 class=\"pt-cv-title\"><a href=\"https:\/\/www.buo-rdc.com\/?page_id=50\" class=\"_self\" target=\"_self\" >SOCENFIN : Engineering financier et financement de projets<\/a><\/h4>\n<div class=\"pt-cv-content\">SOCENFIN propose son expertise pour examiner vos projets commerciaux et industriels et rechercher un financement aupr\u00e8s de ses partenaires financiers ...<br \/><div class=\"pt-cv-rmwrap\"><a href=\"https:\/\/www.buo-rdc.com\/?page_id=50\" class=\"_self pt-cv-readmore btn btn-success\" target=\"_self\">Lire La Suite<\/a><\/div><\/div><\/div><\/div>\n<div class=\"col-md-6 col-sm-12 col-xs-12 pt-cv-content-item pt-cv-1-col\" ><div class='pt-cv-ifield'><a href=\"https:\/\/www.buo-rdc.com\/?page_id=46\" class=\"_self pt-cv-href-thumbnail pt-cv-thumb-default\" target=\"_self\" ><img loading=\"lazy\" decoding=\"async\" width=\"1200\" height=\"585\" src=\"https:\/\/www.buo-rdc.com\/wp-content\/uploads\/2024\/07\/header-page-BUO-ricotech.jpg\" class=\"pt-cv-thumbnail\" alt=\"\" srcset=\"https:\/\/www.buo-rdc.com\/wp-content\/uploads\/2024\/07\/header-page-BUO-ricotech.jpg 1200w, https:\/\/www.buo-rdc.com\/wp-content\/uploads\/2024\/07\/header-page-BUO-ricotech-300x146.jpg 300w, https:\/\/www.buo-rdc.com\/wp-content\/uploads\/2024\/07\/header-page-BUO-ricotech-1024x499.jpg 1024w, https:\/\/www.buo-rdc.com\/wp-content\/uploads\/2024\/07\/header-page-BUO-ricotech-768x374.jpg 768w\" sizes=\"(max-width: 1200px) 100vw, 1200px\" \/><\/a>\n<h4 class=\"pt-cv-title\"><a href=\"https:\/\/www.buo-rdc.com\/?page_id=46\" class=\"_self\" target=\"_self\" >D\u00e9veloppement d\u2019applications informatiques RICOTECH<\/a><\/h4>\n<div class=\"pt-cv-content\">RICOTECH est un d\u00e9partement du groupe BUO anim\u00e9 par une \u00e9quipe de d\u00e9veloppeurs congolais. Ceux-ci con\u00e7oivent des applications d\u00e9di\u00e9es pour ...<br \/><div class=\"pt-cv-rmwrap\"><a href=\"https:\/\/www.buo-rdc.com\/?page_id=46\" class=\"_self pt-cv-readmore btn btn-success\" target=\"_self\">Lire La Suite<\/a><\/div><\/div><\/div><\/div><\/div><\/div><\/div>\n<div id=\"simple-translate\" class=\"simple-translate-light-theme\">\n<div>\n<div class=\"simple-translate-button isShow\" style=\"background-image: url('moz-extension:\/\/25389c68-517f-41ab-93d9-7be78f3479ac\/icons\/512.png'); height: 22px; width: 22px; top: -16px; left: 6px;\"><\/div>\n<div class=\"simple-translate-panel \" style=\"width: 300px; height: 200px; top: 0px; left: 0px; font-size: 13px;\">\n<div class=\"simple-translate-result-wrapper\" style=\"overflow: hidden;\">\n<div class=\"simple-translate-move\" draggable=\"true\"><\/div>\n<div class=\"simple-translate-result-contents\">\n<p class=\"simple-translate-result\" dir=\"auto\">\n<p class=\"simple-translate-candidate\" dir=\"auto\">\n<\/div>\n<\/div>\n<\/div>\n<\/div>\n<\/div>\n","protected":false},"excerpt":{"rendered":"<p>Health care Computer Science and Finance<\/p>\n","protected":false},"author":1,"featured_media":0,"parent":0,"menu_order":0,"comment_status":"closed","ping_status":"closed","template":"","meta":{"footnotes":""},"class_list":["post-24","page","type-page","status-publish","hentry"],"yoast_head":"<!-- This site is optimized with the Yoast SEO plugin v27.5 - https:\/\/yoast.com\/product\/yoast-seo-wordpress\/ -->\n<title>Welcome to the BUO website in DR Congo - Groupe BUO en RDC - Braun Underwriting Office<\/title>\n<meta name=\"robots\" content=\"index, follow, max-snippet:-1, max-image-preview:large, max-video-preview:-1\" \/>\n<link rel=\"canonical\" href=\"https:\/\/www.buo-rdc.com\/?page_id=24&lang=en\" \/>\n<meta property=\"og:locale\" content=\"fr_FR\" \/>\n<meta property=\"og:type\" content=\"article\" \/>\n<meta property=\"og:title\" content=\"Welcome to the BUO website in DR Congo - Groupe BUO en RDC - Braun Underwriting Office\" \/>\n<meta property=\"og:description\" content=\"Health care Computer Science and Finance\" \/>\n<meta property=\"og:url\" content=\"https:\/\/www.buo-rdc.com\/?page_id=24&amp;lang=en\" \/>\n<meta property=\"og:site_name\" content=\"Groupe BUO en RDC - Braun Underwriting Office\" \/>\n<meta property=\"article:modified_time\" content=\"2024-07-26T16:11:16+00:00\" \/>\n<meta name=\"twitter:card\" content=\"summary_large_image\" \/>\n<meta name=\"twitter:label1\" content=\"Dur\u00e9e de lecture est.\" \/>\n\t<meta name=\"twitter:data1\" content=\"1 minute\" \/>\n<script type=\"application\/ld+json\" class=\"yoast-schema-graph\">{\"@context\":\"https:\\\/\\\/schema.org\",\"@graph\":[{\"@type\":\"WebPage\",\"@id\":\"https:\\\/\\\/www.buo-rdc.com\\\/?page_id=24&lang=en\",\"url\":\"https:\\\/\\\/www.buo-rdc.com\\\/?page_id=24&lang=en\",\"name\":\"Welcome to the BUO website in DR Congo - Groupe BUO en RDC - Braun Underwriting Office\",\"isPartOf\":{\"@id\":\"https:\\\/\\\/www.buo-rdc.com\\\/#website\"},\"datePublished\":\"2024-07-26T14:50:54+00:00\",\"dateModified\":\"2024-07-26T16:11:16+00:00\",\"breadcrumb\":{\"@id\":\"https:\\\/\\\/www.buo-rdc.com\\\/?page_id=24&lang=en#breadcrumb\"},\"inLanguage\":\"fr-BE\",\"potentialAction\":[{\"@type\":\"ReadAction\",\"target\":[\"https:\\\/\\\/www.buo-rdc.com\\\/?page_id=24&lang=en\"]}]},{\"@type\":\"BreadcrumbList\",\"@id\":\"https:\\\/\\\/www.buo-rdc.com\\\/?page_id=24&lang=en#breadcrumb\",\"itemListElement\":[{\"@type\":\"ListItem\",\"position\":1,\"name\":\"Accueil\",\"item\":\"https:\\\/\\\/www.buo-rdc.com\\\/\"},{\"@type\":\"ListItem\",\"position\":2,\"name\":\"Welcome to the BUO website in DR Congo\"}]},{\"@type\":\"WebSite\",\"@id\":\"https:\\\/\\\/www.buo-rdc.com\\\/#website\",\"url\":\"https:\\\/\\\/www.buo-rdc.com\\\/\",\"name\":\"Groupe BUO en RDC - Braun Underwriting Office\",\"description\":\"Braun Underwriting O!ce est un groupe actif en R\u00e9publique D\u00e9mocratique du Congo. Le groupe BUO est bas\u00e9 \u00e0 Kinshasa o\u00f9 il a \u00e9t\u00e9 cr\u00e9\u00e9 par Henry E. Braun.\",\"publisher\":{\"@id\":\"https:\\\/\\\/www.buo-rdc.com\\\/#organization\"},\"potentialAction\":[{\"@type\":\"SearchAction\",\"target\":{\"@type\":\"EntryPoint\",\"urlTemplate\":\"https:\\\/\\\/www.buo-rdc.com\\\/?s={search_term_string}\"},\"query-input\":{\"@type\":\"PropertyValueSpecification\",\"valueRequired\":true,\"valueName\":\"search_term_string\"}}],\"inLanguage\":\"fr-BE\"},{\"@type\":\"Organization\",\"@id\":\"https:\\\/\\\/www.buo-rdc.com\\\/#organization\",\"name\":\"Groupe BUO en RDC - Braun Underwriting Office\",\"url\":\"https:\\\/\\\/www.buo-rdc.com\\\/\",\"logo\":{\"@type\":\"ImageObject\",\"inLanguage\":\"fr-BE\",\"@id\":\"https:\\\/\\\/www.buo-rdc.com\\\/#\\\/schema\\\/logo\\\/image\\\/\",\"url\":\"https:\\\/\\\/www.buo-rdc.com\\\/wp-content\\\/uploads\\\/2024\\\/07\\\/LOGO-HEADER.jpg\",\"contentUrl\":\"https:\\\/\\\/www.buo-rdc.com\\\/wp-content\\\/uploads\\\/2024\\\/07\\\/LOGO-HEADER.jpg\",\"width\":1600,\"height\":307,\"caption\":\"Groupe BUO en RDC - Braun Underwriting Office\"},\"image\":{\"@id\":\"https:\\\/\\\/www.buo-rdc.com\\\/#\\\/schema\\\/logo\\\/image\\\/\"}}]}<\/script>\n<!-- \/ Yoast SEO plugin. -->","yoast_head_json":{"title":"Welcome to the BUO website in DR Congo - Groupe BUO en RDC - Braun Underwriting Office","robots":{"index":"index","follow":"follow","max-snippet":"max-snippet:-1","max-image-preview":"max-image-preview:large","max-video-preview":"max-video-preview:-1"},"canonical":"https:\/\/www.buo-rdc.com\/?page_id=24&lang=en","og_locale":"fr_FR","og_type":"article","og_title":"Welcome to the BUO website in DR Congo - Groupe BUO en RDC - Braun Underwriting Office","og_description":"Health care Computer Science and Finance","og_url":"https:\/\/www.buo-rdc.com\/?page_id=24&lang=en","og_site_name":"Groupe BUO en RDC - Braun Underwriting Office","article_modified_time":"2024-07-26T16:11:16+00:00","twitter_card":"summary_large_image","twitter_misc":{"Dur\u00e9e de lecture est.":"1 minute"},"schema":{"@context":"https:\/\/schema.org","@graph":[{"@type":"WebPage","@id":"https:\/\/www.buo-rdc.com\/?page_id=24&lang=en","url":"https:\/\/www.buo-rdc.com\/?page_id=24&lang=en","name":"Welcome to the BUO website in DR Congo - Groupe BUO en RDC - Braun Underwriting Office","isPartOf":{"@id":"https:\/\/www.buo-rdc.com\/#website"},"datePublished":"2024-07-26T14:50:54+00:00","dateModified":"2024-07-26T16:11:16+00:00","breadcrumb":{"@id":"https:\/\/www.buo-rdc.com\/?page_id=24&lang=en#breadcrumb"},"inLanguage":"fr-BE","potentialAction":[{"@type":"ReadAction","target":["https:\/\/www.buo-rdc.com\/?page_id=24&lang=en"]}]},{"@type":"BreadcrumbList","@id":"https:\/\/www.buo-rdc.com\/?page_id=24&lang=en#breadcrumb","itemListElement":[{"@type":"ListItem","position":1,"name":"Accueil","item":"https:\/\/www.buo-rdc.com\/"},{"@type":"ListItem","position":2,"name":"Welcome to the BUO website in DR Congo"}]},{"@type":"WebSite","@id":"https:\/\/www.buo-rdc.com\/#website","url":"https:\/\/www.buo-rdc.com\/","name":"Groupe BUO en RDC - Braun Underwriting Office","description":"Braun Underwriting O!ce est un groupe actif en R\u00e9publique D\u00e9mocratique du Congo. Le groupe BUO est bas\u00e9 \u00e0 Kinshasa o\u00f9 il a \u00e9t\u00e9 cr\u00e9\u00e9 par Henry E. Braun.","publisher":{"@id":"https:\/\/www.buo-rdc.com\/#organization"},"potentialAction":[{"@type":"SearchAction","target":{"@type":"EntryPoint","urlTemplate":"https:\/\/www.buo-rdc.com\/?s={search_term_string}"},"query-input":{"@type":"PropertyValueSpecification","valueRequired":true,"valueName":"search_term_string"}}],"inLanguage":"fr-BE"},{"@type":"Organization","@id":"https:\/\/www.buo-rdc.com\/#organization","name":"Groupe BUO en RDC - Braun Underwriting Office","url":"https:\/\/www.buo-rdc.com\/","logo":{"@type":"ImageObject","inLanguage":"fr-BE","@id":"https:\/\/www.buo-rdc.com\/#\/schema\/logo\/image\/","url":"https:\/\/www.buo-rdc.com\/wp-content\/uploads\/2024\/07\/LOGO-HEADER.jpg","contentUrl":"https:\/\/www.buo-rdc.com\/wp-content\/uploads\/2024\/07\/LOGO-HEADER.jpg","width":1600,"height":307,"caption":"Groupe BUO en RDC - Braun Underwriting Office"},"image":{"@id":"https:\/\/www.buo-rdc.com\/#\/schema\/logo\/image\/"}}]}},"_links":{"self":[{"href":"https:\/\/www.buo-rdc.com\/index.php?rest_route=\/wp\/v2\/pages\/24","targetHints":{"allow":["GET"]}}],"collection":[{"href":"https:\/\/www.buo-rdc.com\/index.php?rest_route=\/wp\/v2\/pages"}],"about":[{"href":"https:\/\/www.buo-rdc.com\/index.php?rest_route=\/wp\/v2\/types\/page"}],"author":[{"embeddable":true,"href":"https:\/\/www.buo-rdc.com\/index.php?rest_route=\/wp\/v2\/users\/1"}],"replies":[{"embeddable":true,"href":"https:\/\/www.buo-rdc.com\/index.php?rest_route=%2Fwp%2Fv2%2Fcomments&post=24"}],"version-history":[{"count":2,"href":"https:\/\/www.buo-rdc.com\/index.php?rest_route=\/wp\/v2\/pages\/24\/revisions"}],"predecessor-version":[{"id":90,"href":"https:\/\/www.buo-rdc.com\/index.php?rest_route=\/wp\/v2\/pages\/24\/revisions\/90"}],"wp:attachment":[{"href":"https:\/\/www.buo-rdc.com\/index.php?rest_route=%2Fwp%2Fv2%2Fmedia&parent=24"}],"curies":[{"name":"wp","href":"https:\/\/api.w.org\/{rel}","templated":true}]}}