{"id":27,"date":"2024-07-26T16:55:38","date_gmt":"2024-07-26T14:55:38","guid":{"rendered":"https:\/\/www.buo-rdc.com\/?page_id=27"},"modified":"2024-07-26T17:59:01","modified_gmt":"2024-07-26T15:59:01","slug":"lisungi-la-garantie-soins-de-sante-adaptee-au-contexte-congolais","status":"publish","type":"page","link":"https:\/\/www.buo-rdc.com\/?page_id=27","title":{"rendered":"LISUNGI: la garantie soins de sant\u00e9 adapt\u00e9e au contexte congolais."},"content":{"rendered":"<p>Depuis 2012, LISUNGI propose aux entreprises, organismes et personnes physiques de Kinshasa une garantie de couverture efficace et \u00e9conomique des soins de sant\u00e9 adapt\u00e9e aux r\u00e9alit\u00e9s et \u00e0 la complexit\u00e9 du march\u00e9 congolais.<\/p>\n<p>Que vous soyez un particulier, un organisme ou une entreprise, LISUNGI vous permet de mieux g\u00e9rer votre budget de soins de sant\u00e9.<\/p>\n<p>LISUNGI propose plusieurs formules de prix mensuels \u00e0 savoir: 25$, 35$, 65$, 75$, 90$, 125$, 175$ par famille. Une cotisation LISUNGI couvre une famille de 6 personnes.<\/p>\n<p>LISUNGI prend en charge directement avec les h\u00f4p\u00eetaux les consultations m\u00e9dicales, les examens de laboratoire, l\u2019imagerie m\u00e9dicale, les produits pharmaceutiques, les interventions chirurgicales, les accouchements et certains actes de m\u00e9decine sp\u00e9cialis\u00e9e en fonction de la formule choisie.<\/p>\n<p>Le r\u00e9seau d\u2019h\u00f4pitaux conventionn\u00e9s LISUNGI est compos\u00e9 d\u2019une vingtaine de centres m\u00e9dicaux r\u00e9partis dans les diff\u00e9rentes communes de Kinshasa. Chaque famille assur\u00e9e fait le choix d\u2019un centre m\u00e9dical \u00e0 proximit\u00e9 de son domicile.<\/p>\n<p>Pour choisir la meilleure formule et l\u2019h\u00f4pital convenant le mieux \u00e0 vos moyens, nous vous invitons \u00e0 prendre rendez-vous avec notre service commercial.<br \/>\nT\u00e9l. +243 817 109 437<br \/>\nE-mail : as@lisungi-rdc.com:<br \/>\nou rendez-nous visite au building BUO, Avenue Wagenia n\u00b0218-220, Kinshasa Gombe.<\/p>\n<p><span style=\"font-size: 14pt;\"><strong>Le R\u00e9seau d&rsquo;h\u00f4pitaux de LISUNGI<\/strong><\/span><\/p>\n<ul>\n<li>CENTRE MEDICAL DE LA MONGALA: Avenue de la Mongala n\u00b048, Gombe<\/li>\n<li>CLINIQUE NGALIEMA: Avenue Papa lleo (ex des Cliniques), Gombe<\/li>\n<li>CLINIQUE ASTRYD: Avenue Mpeti n\u00b09, Gombe<\/li>\n<li>HOPITAL SAINT JOSEPH: Petit Boulevard Lumumba, Limete R\u00e9sidentiel, entre la 14e et la 15e rue , Limete<\/li>\n<li>CLINIQUE RAPHA: 11eme Rue Limete industriel (ref. Service Air), Limete<\/li>\n<li>CLINIQUE PROMEDIS LIMETE: 10\u00e8me rue Limete Industriel n\u00b023C, Limete<\/li>\n<li>CIK-CLINIQUE IK: Avenue Kwango, n\u00b03, Kintambo, Ngaliema<\/li>\n<li>NGALIEMA MEDICAL CENTER: Avenue de la montagne n\u00b04197, Kintambo Magasin, Ngaliema<\/li>\n<li>CLINIQUE PROMEDIS MA CAMPAGNE: Ma campagne, Ngaliema<\/li>\n<li>CLYDES: Avenue Kasa Vubu n\u00b05207, Bandalungwa<\/li>\n<li>CLINIQUE PROMEDIS DEBONHOMME: Avenue Tshiboko n\u00b0114, Quartier Debonhomme, 1\u00e8re rue, Matete<\/li>\n<li>CMG CENTRE M\u00c9DICAL GOMBELE: Avenue G\u00e9n\u00e9ral Ikuku n\u00b08, Quartier Righini, Proche du rond point, Ngaba, Lemba<\/li>\n<li>CLINIQUE DE L\u2019ESPOIR: Avenue Du Mont Des Arts n\u00b05, Lingwala<\/li>\n<li>HOPITAL SINO-CONGOLAIS: Avenue Kimbuta, Quartier 7, Ndjili<\/li>\n<li>CLINIQUE PROMEDIS KINKOLE: Avenue Kakenza n\u00b02, quartier Copela-Plazza, N\u2019sele<\/li>\n<li>CENTRE HOSPITALIER MONKOLE: Avenue Ngafani n\u00b04808, Mont Ngafula<\/li>\n<li>DE SMET HOSPITAL: Avenue de l\u2019\u00e9cole n\u00b02, Brikin, Kinsuka<\/li>\n<\/ul>\n<p>LISUNGI est partenaire de la Vice-Primature et de l\u2019Emploi, du Travail et de la Pr\u00e9voyance sociale cr\u00e9\u00e9e en 2005 par D\u00e9cret Pr\u00e9sidentiel N\u00b005\/176 du 24 novembre 2005. Les objectifs de ce partenariat sont:<\/p>\n<ul>\n<li>Etendre la couverture de la protection sociale ;<\/li>\n<li>Am\u00e9liorer la qualit\u00e9 des prestations sociales ;<\/li>\n<li>Mettre en place et g\u00e9rer un syst\u00e8me de couverture universelle des soins de sant\u00e9 ;<\/li>\n<li>Rendre effectif la protection sociale pour tous.<\/li>\n<\/ul>\n","protected":false},"excerpt":{"rendered":"<p>Depuis 2012, LISUNGI propose aux entreprises, organismes et personnes physiques de Kinshasa une garantie de couverture efficace et \u00e9conomique des soins de sant\u00e9 adapt\u00e9e aux r\u00e9alit\u00e9s et \u00e0 la complexit\u00e9 du march\u00e9 congolais. Que vous soyez un particulier, un organisme ou une entreprise, LISUNGI vous permet de mieux g\u00e9rer votre budget de soins de sant\u00e9. <a class=\"more-link\" href=\"https:\/\/www.buo-rdc.com\/?page_id=27\">Read More &#8230;<\/a><\/p>\n","protected":false},"author":1,"featured_media":29,"parent":74,"menu_order":0,"comment_status":"closed","ping_status":"closed","template":"","meta":{"footnotes":""},"class_list":["post-27","page","type-page","status-publish","has-post-thumbnail","hentry"],"yoast_head":"<!-- This site is optimized with the Yoast SEO plugin v27.5 - https:\/\/yoast.com\/product\/yoast-seo-wordpress\/ -->\n<title>LISUNGI: la garantie soins de sant\u00e9 adapt\u00e9e au contexte congolais. - Groupe BUO en RDC - Braun Underwriting Office<\/title>\n<meta name=\"robots\" content=\"index, follow, max-snippet:-1, max-image-preview:large, max-video-preview:-1\" \/>\n<link rel=\"canonical\" href=\"https:\/\/www.buo-rdc.com\/?page_id=27\" \/>\n<meta property=\"og:locale\" content=\"fr_FR\" \/>\n<meta property=\"og:type\" content=\"article\" \/>\n<meta property=\"og:title\" content=\"LISUNGI: la garantie soins de sant\u00e9 adapt\u00e9e au contexte congolais. - Groupe BUO en RDC - Braun Underwriting Office\" \/>\n<meta property=\"og:description\" content=\"Depuis 2012, LISUNGI propose aux entreprises, organismes et personnes physiques de Kinshasa une garantie de couverture efficace et \u00e9conomique des soins de sant\u00e9 adapt\u00e9e aux r\u00e9alit\u00e9s et \u00e0 la complexit\u00e9 du march\u00e9 congolais. Que vous soyez un particulier, un organisme ou une entreprise, LISUNGI vous permet de mieux g\u00e9rer votre budget de soins de sant\u00e9. Read More ...\" \/>\n<meta property=\"og:url\" content=\"https:\/\/www.buo-rdc.com\/?page_id=27\" \/>\n<meta property=\"og:site_name\" content=\"Groupe BUO en RDC - Braun Underwriting Office\" \/>\n<meta property=\"article:modified_time\" content=\"2024-07-26T15:59:01+00:00\" \/>\n<meta property=\"og:image\" content=\"https:\/\/www.buo-rdc.com\/wp-content\/uploads\/2024\/07\/header-page-BUO-LISUNGI.jpg\" \/>\n\t<meta property=\"og:image:width\" content=\"1200\" \/>\n\t<meta property=\"og:image:height\" content=\"585\" \/>\n\t<meta property=\"og:image:type\" content=\"image\/jpeg\" \/>\n<meta name=\"twitter:card\" content=\"summary_large_image\" \/>\n<meta name=\"twitter:label1\" content=\"Dur\u00e9e de lecture est.\" \/>\n\t<meta name=\"twitter:data1\" content=\"3 minutes\" \/>\n<script type=\"application\/ld+json\" class=\"yoast-schema-graph\">{\"@context\":\"https:\\\/\\\/schema.org\",\"@graph\":[{\"@type\":\"WebPage\",\"@id\":\"https:\\\/\\\/www.buo-rdc.com\\\/?page_id=27\",\"url\":\"https:\\\/\\\/www.buo-rdc.com\\\/?page_id=27\",\"name\":\"LISUNGI: la garantie soins de sant\u00e9 adapt\u00e9e au contexte congolais. - Groupe BUO en RDC - Braun Underwriting Office\",\"isPartOf\":{\"@id\":\"https:\\\/\\\/www.buo-rdc.com\\\/#website\"},\"primaryImageOfPage\":{\"@id\":\"https:\\\/\\\/www.buo-rdc.com\\\/?page_id=27#primaryimage\"},\"image\":{\"@id\":\"https:\\\/\\\/www.buo-rdc.com\\\/?page_id=27#primaryimage\"},\"thumbnailUrl\":\"https:\\\/\\\/www.buo-rdc.com\\\/wp-content\\\/uploads\\\/2024\\\/07\\\/header-page-BUO-LISUNGI.jpg\",\"datePublished\":\"2024-07-26T14:55:38+00:00\",\"dateModified\":\"2024-07-26T15:59:01+00:00\",\"breadcrumb\":{\"@id\":\"https:\\\/\\\/www.buo-rdc.com\\\/?page_id=27#breadcrumb\"},\"inLanguage\":\"fr-BE\",\"potentialAction\":[{\"@type\":\"ReadAction\",\"target\":[\"https:\\\/\\\/www.buo-rdc.com\\\/?page_id=27\"]}]},{\"@type\":\"ImageObject\",\"inLanguage\":\"fr-BE\",\"@id\":\"https:\\\/\\\/www.buo-rdc.com\\\/?page_id=27#primaryimage\",\"url\":\"https:\\\/\\\/www.buo-rdc.com\\\/wp-content\\\/uploads\\\/2024\\\/07\\\/header-page-BUO-LISUNGI.jpg\",\"contentUrl\":\"https:\\\/\\\/www.buo-rdc.com\\\/wp-content\\\/uploads\\\/2024\\\/07\\\/header-page-BUO-LISUNGI.jpg\",\"width\":1200,\"height\":585},{\"@type\":\"BreadcrumbList\",\"@id\":\"https:\\\/\\\/www.buo-rdc.com\\\/?page_id=27#breadcrumb\",\"itemListElement\":[{\"@type\":\"ListItem\",\"position\":1,\"name\":\"Accueil\",\"item\":\"https:\\\/\\\/www.buo-rdc.com\\\/\"},{\"@type\":\"ListItem\",\"position\":2,\"name\":\"Soins de sant\u00e9\",\"item\":\"https:\\\/\\\/www.buo-rdc.com\\\/?page_id=74\"},{\"@type\":\"ListItem\",\"position\":3,\"name\":\"LISUNGI: la garantie soins de sant\u00e9 adapt\u00e9e au contexte congolais.\"}]},{\"@type\":\"WebSite\",\"@id\":\"https:\\\/\\\/www.buo-rdc.com\\\/#website\",\"url\":\"https:\\\/\\\/www.buo-rdc.com\\\/\",\"name\":\"Groupe BUO en RDC - Braun Underwriting Office\",\"description\":\"Braun Underwriting O!ce est un groupe actif en R\u00e9publique D\u00e9mocratique du Congo. Le groupe BUO est bas\u00e9 \u00e0 Kinshasa o\u00f9 il a \u00e9t\u00e9 cr\u00e9\u00e9 par Henry E. Braun.\",\"publisher\":{\"@id\":\"https:\\\/\\\/www.buo-rdc.com\\\/#organization\"},\"potentialAction\":[{\"@type\":\"SearchAction\",\"target\":{\"@type\":\"EntryPoint\",\"urlTemplate\":\"https:\\\/\\\/www.buo-rdc.com\\\/?s={search_term_string}\"},\"query-input\":{\"@type\":\"PropertyValueSpecification\",\"valueRequired\":true,\"valueName\":\"search_term_string\"}}],\"inLanguage\":\"fr-BE\"},{\"@type\":\"Organization\",\"@id\":\"https:\\\/\\\/www.buo-rdc.com\\\/#organization\",\"name\":\"Groupe BUO en RDC - Braun Underwriting Office\",\"url\":\"https:\\\/\\\/www.buo-rdc.com\\\/\",\"logo\":{\"@type\":\"ImageObject\",\"inLanguage\":\"fr-BE\",\"@id\":\"https:\\\/\\\/www.buo-rdc.com\\\/#\\\/schema\\\/logo\\\/image\\\/\",\"url\":\"https:\\\/\\\/www.buo-rdc.com\\\/wp-content\\\/uploads\\\/2024\\\/07\\\/LOGO-HEADER.jpg\",\"contentUrl\":\"https:\\\/\\\/www.buo-rdc.com\\\/wp-content\\\/uploads\\\/2024\\\/07\\\/LOGO-HEADER.jpg\",\"width\":1600,\"height\":307,\"caption\":\"Groupe BUO en RDC - Braun Underwriting Office\"},\"image\":{\"@id\":\"https:\\\/\\\/www.buo-rdc.com\\\/#\\\/schema\\\/logo\\\/image\\\/\"}}]}<\/script>\n<!-- \/ Yoast SEO plugin. -->","yoast_head_json":{"title":"LISUNGI: la garantie soins de sant\u00e9 adapt\u00e9e au contexte congolais. - Groupe BUO en RDC - Braun Underwriting Office","robots":{"index":"index","follow":"follow","max-snippet":"max-snippet:-1","max-image-preview":"max-image-preview:large","max-video-preview":"max-video-preview:-1"},"canonical":"https:\/\/www.buo-rdc.com\/?page_id=27","og_locale":"fr_FR","og_type":"article","og_title":"LISUNGI: la garantie soins de sant\u00e9 adapt\u00e9e au contexte congolais. - Groupe BUO en RDC - Braun Underwriting Office","og_description":"Depuis 2012, LISUNGI propose aux entreprises, organismes et personnes physiques de Kinshasa une garantie de couverture efficace et \u00e9conomique des soins de sant\u00e9 adapt\u00e9e aux r\u00e9alit\u00e9s et \u00e0 la complexit\u00e9 du march\u00e9 congolais. Que vous soyez un particulier, un organisme ou une entreprise, LISUNGI vous permet de mieux g\u00e9rer votre budget de soins de sant\u00e9. Read More ...","og_url":"https:\/\/www.buo-rdc.com\/?page_id=27","og_site_name":"Groupe BUO en RDC - Braun Underwriting Office","article_modified_time":"2024-07-26T15:59:01+00:00","og_image":[{"width":1200,"height":585,"url":"https:\/\/www.buo-rdc.com\/wp-content\/uploads\/2024\/07\/header-page-BUO-LISUNGI.jpg","type":"image\/jpeg"}],"twitter_card":"summary_large_image","twitter_misc":{"Dur\u00e9e de lecture est.":"3 minutes"},"schema":{"@context":"https:\/\/schema.org","@graph":[{"@type":"WebPage","@id":"https:\/\/www.buo-rdc.com\/?page_id=27","url":"https:\/\/www.buo-rdc.com\/?page_id=27","name":"LISUNGI: la garantie soins de sant\u00e9 adapt\u00e9e au contexte congolais. - Groupe BUO en RDC - Braun Underwriting Office","isPartOf":{"@id":"https:\/\/www.buo-rdc.com\/#website"},"primaryImageOfPage":{"@id":"https:\/\/www.buo-rdc.com\/?page_id=27#primaryimage"},"image":{"@id":"https:\/\/www.buo-rdc.com\/?page_id=27#primaryimage"},"thumbnailUrl":"https:\/\/www.buo-rdc.com\/wp-content\/uploads\/2024\/07\/header-page-BUO-LISUNGI.jpg","datePublished":"2024-07-26T14:55:38+00:00","dateModified":"2024-07-26T15:59:01+00:00","breadcrumb":{"@id":"https:\/\/www.buo-rdc.com\/?page_id=27#breadcrumb"},"inLanguage":"fr-BE","potentialAction":[{"@type":"ReadAction","target":["https:\/\/www.buo-rdc.com\/?page_id=27"]}]},{"@type":"ImageObject","inLanguage":"fr-BE","@id":"https:\/\/www.buo-rdc.com\/?page_id=27#primaryimage","url":"https:\/\/www.buo-rdc.com\/wp-content\/uploads\/2024\/07\/header-page-BUO-LISUNGI.jpg","contentUrl":"https:\/\/www.buo-rdc.com\/wp-content\/uploads\/2024\/07\/header-page-BUO-LISUNGI.jpg","width":1200,"height":585},{"@type":"BreadcrumbList","@id":"https:\/\/www.buo-rdc.com\/?page_id=27#breadcrumb","itemListElement":[{"@type":"ListItem","position":1,"name":"Accueil","item":"https:\/\/www.buo-rdc.com\/"},{"@type":"ListItem","position":2,"name":"Soins de sant\u00e9","item":"https:\/\/www.buo-rdc.com\/?page_id=74"},{"@type":"ListItem","position":3,"name":"LISUNGI: la garantie soins de sant\u00e9 adapt\u00e9e au contexte congolais."}]},{"@type":"WebSite","@id":"https:\/\/www.buo-rdc.com\/#website","url":"https:\/\/www.buo-rdc.com\/","name":"Groupe BUO en RDC - Braun Underwriting Office","description":"Braun Underwriting O!ce est un groupe actif en R\u00e9publique D\u00e9mocratique du Congo. Le groupe BUO est bas\u00e9 \u00e0 Kinshasa o\u00f9 il a \u00e9t\u00e9 cr\u00e9\u00e9 par Henry E. Braun.","publisher":{"@id":"https:\/\/www.buo-rdc.com\/#organization"},"potentialAction":[{"@type":"SearchAction","target":{"@type":"EntryPoint","urlTemplate":"https:\/\/www.buo-rdc.com\/?s={search_term_string}"},"query-input":{"@type":"PropertyValueSpecification","valueRequired":true,"valueName":"search_term_string"}}],"inLanguage":"fr-BE"},{"@type":"Organization","@id":"https:\/\/www.buo-rdc.com\/#organization","name":"Groupe BUO en RDC - Braun Underwriting Office","url":"https:\/\/www.buo-rdc.com\/","logo":{"@type":"ImageObject","inLanguage":"fr-BE","@id":"https:\/\/www.buo-rdc.com\/#\/schema\/logo\/image\/","url":"https:\/\/www.buo-rdc.com\/wp-content\/uploads\/2024\/07\/LOGO-HEADER.jpg","contentUrl":"https:\/\/www.buo-rdc.com\/wp-content\/uploads\/2024\/07\/LOGO-HEADER.jpg","width":1600,"height":307,"caption":"Groupe BUO en RDC - Braun Underwriting Office"},"image":{"@id":"https:\/\/www.buo-rdc.com\/#\/schema\/logo\/image\/"}}]}},"_links":{"self":[{"href":"https:\/\/www.buo-rdc.com\/index.php?rest_route=\/wp\/v2\/pages\/27","targetHints":{"allow":["GET"]}}],"collection":[{"href":"https:\/\/www.buo-rdc.com\/index.php?rest_route=\/wp\/v2\/pages"}],"about":[{"href":"https:\/\/www.buo-rdc.com\/index.php?rest_route=\/wp\/v2\/types\/page"}],"author":[{"embeddable":true,"href":"https:\/\/www.buo-rdc.com\/index.php?rest_route=\/wp\/v2\/users\/1"}],"replies":[{"embeddable":true,"href":"https:\/\/www.buo-rdc.com\/index.php?rest_route=%2Fwp%2Fv2%2Fcomments&post=27"}],"version-history":[{"count":3,"href":"https:\/\/www.buo-rdc.com\/index.php?rest_route=\/wp\/v2\/pages\/27\/revisions"}],"predecessor-version":[{"id":34,"href":"https:\/\/www.buo-rdc.com\/index.php?rest_route=\/wp\/v2\/pages\/27\/revisions\/34"}],"up":[{"embeddable":true,"href":"https:\/\/www.buo-rdc.com\/index.php?rest_route=\/wp\/v2\/pages\/74"}],"wp:featuredmedia":[{"embeddable":true,"href":"https:\/\/www.buo-rdc.com\/index.php?rest_route=\/wp\/v2\/media\/29"}],"wp:attachment":[{"href":"https:\/\/www.buo-rdc.com\/index.php?rest_route=%2Fwp%2Fv2%2Fmedia&parent=27"}],"curies":[{"name":"wp","href":"https:\/\/api.w.org\/{rel}","templated":true}]}}