{"id":35,"date":"2024-07-26T16:59:09","date_gmt":"2024-07-26T14:59:09","guid":{"rendered":"https:\/\/www.buo-rdc.com\/?page_id=35"},"modified":"2024-07-26T17:58:07","modified_gmt":"2024-07-26T15:58:07","slug":"lisungi-the-health-care-guarantee-adapted-to-the-congolese-context","status":"publish","type":"page","link":"https:\/\/www.buo-rdc.com\/?page_id=35&lang=en","title":{"rendered":"LISUNGI: the health care guarantee adapted to the Congolese context"},"content":{"rendered":"<p>Since 2012, LISUNGI offers companies, organizations and individuals in Kinshasa a guarantee of effective and economical health care coverage adapted to the realities and complexity of the Congolese market.<\/p>\n<p>Whether you are an individual, an organization or a company, LISUNGI allows you to better manage your health care budget.<\/p>\n<p>LISUNGI offers several monthly price packages namely: $ 25, $ 35, $ 65, $ 75, $ 90, $ 125, $ 175 per family. A LISUNGI contribution covers a family of 6 people.<\/p>\n<p>LISUNGI directly supports medical consultations, laboratory examinations, medical imaging, pharmaceuticals, surgical interventions, childbirth and certain acts of specialized medicine with the hospitals, depending on the formula chosen.<\/p>\n<p>The network of LISUNGI contracted hospitals is made up of around twenty medical centers spread across the various municipalities of Kinshasa. Each insured family chooses a medical center near their home.<\/p>\n<p>To choose the best option and the hospital that best suits your means, we invite you to make an appointment with our sales department.<br \/>\nPhone. +243 817 109 437<br \/>\nE-mail: as@lisungi-rdc.com<br \/>\nor visit us at the BUO building, Avenue Wagenia n \u00b0 218-220, Kinshasa Gombe.<\/p>\n<p><strong><span style=\"font-size: 14pt;\">LISUNGI\u2019s network of hospitals<\/span><\/strong><\/p>\n<ul>\n<li>CENTRE MEDICAL DE LA MONGALA: Avenue de la Mongala n\u00b048, Gombe<\/li>\n<li>CLINIQUE NGALIEMA: Avenue Papa lleo (ex des Cliniques), Gombe<\/li>\n<li>CLINIQUE ASTRYD: Avenue Mpeti n\u00b09, Gombe<\/li>\n<li>HOPITAL SAINT JOSEPH: Petit Boulevard Lumumba, Limete R\u00e9sidentiel, entre la 14e et la 15e rue , Limete<\/li>\n<li>CLINIQUE RAPHA: 11eme Rue Limete industriel (ref. Service Air), Limete<\/li>\n<li>CLINIQUE PROMEDIS LIMETE: 10\u00e8me rue Limete Industriel n\u00b023C, Limete<\/li>\n<li>CIK-CLINIQUE IK: Avenue Kwango, n\u00b03, Kintambo, Ngaliema<\/li>\n<li>NGALIEMA MEDICAL CENTER: Avenue de la montagne n\u00b04197, Kintambo Magasin, Ngaliema<\/li>\n<li>CLINIQUE PROMEDIS MA CAMPAGNE: Ma campagne, Ngaliema<\/li>\n<li>CLYDES: Avenue Kasa Vubu n\u00b05207, Bandalungwa<\/li>\n<li>CLINIQUE PROMEDIS DEBONHOMME: Avenue Tshiboko n\u00b0114, Quartier Debonhomme, 1\u00e8re rue, Matete<\/li>\n<li>CMG CENTRE M\u00c9DICAL GOMBELE: Avenue G\u00e9n\u00e9ral Ikuku n\u00b08, Quartier Righini, Proche du rond point, Ngaba, Lemba<\/li>\n<li>CLINIQUE DE L\u2019ESPOIR: Avenue Du Mont Des Arts n\u00b05, Lingwala<\/li>\n<li>HOPITAL SINO-CONGOLAIS: Avenue Kimbuta, Quartier 7, Ndjili<\/li>\n<li>CLINIQUE PROMEDIS KINKOLE: Avenue Kakenza n\u00b02, quartier Copela-Plazza, N\u2019sele<\/li>\n<li>CENTRE HOSPITALIER MONKOLE: Avenue Ngafani n\u00b04808, Mont Ngafula<\/li>\n<li>DE SMET HOSPITAL: Avenue de l\u2019\u00e9cole n\u00b02, Brikin, Kinsuka<\/li>\n<\/ul>\n<p>LISUNGI is a partner of the Vice-Prime Minister and Employment, Labor and Social Security created in 2005 by Presidential Decree No. 05\/176 of November 24, 2005. The objectives of this partnership are:<\/p>\n<ul>\n<li>Extend the coverage of social protection;<\/li>\n<li>Improve the quality of social benefits;<\/li>\n<li>Establish and manage a universal health care coverage system;<\/li>\n<li>Make social protection effective for all.<\/li>\n<\/ul>\n<p>&nbsp;<\/p>\n","protected":false},"excerpt":{"rendered":"<p>Since 2012, LISUNGI offers companies, organizations and individuals in Kinshasa a guarantee of effective and economical health care coverage adapted to the realities and complexity of the Congolese market. Whether you are an individual, an organization or a company, LISUNGI allows you to better manage your health care budget. LISUNGI offers several monthly price packages <a class=\"more-link\" href=\"https:\/\/www.buo-rdc.com\/?page_id=35&#038;lang=en\">Read More &#8230;<\/a><\/p>\n","protected":false},"author":1,"featured_media":29,"parent":76,"menu_order":0,"comment_status":"closed","ping_status":"closed","template":"","meta":{"footnotes":""},"class_list":["post-35","page","type-page","status-publish","has-post-thumbnail","hentry"],"yoast_head":"<!-- This site is optimized with the Yoast SEO plugin v27.5 - https:\/\/yoast.com\/product\/yoast-seo-wordpress\/ -->\n<title>LISUNGI: the health care guarantee adapted to the Congolese context - Groupe BUO en RDC - Braun Underwriting Office<\/title>\n<meta name=\"robots\" content=\"index, follow, max-snippet:-1, max-image-preview:large, max-video-preview:-1\" \/>\n<link rel=\"canonical\" href=\"https:\/\/www.buo-rdc.com\/?page_id=35&lang=en\" \/>\n<meta property=\"og:locale\" content=\"fr_FR\" \/>\n<meta property=\"og:type\" content=\"article\" \/>\n<meta property=\"og:title\" content=\"LISUNGI: the health care guarantee adapted to the Congolese context - Groupe BUO en RDC - Braun Underwriting Office\" \/>\n<meta property=\"og:description\" content=\"Since 2012, LISUNGI offers companies, organizations and individuals in Kinshasa a guarantee of effective and economical health care coverage adapted to the realities and complexity of the Congolese market. Whether you are an individual, an organization or a company, LISUNGI allows you to better manage your health care budget. LISUNGI offers several monthly price packages Read More ...\" \/>\n<meta property=\"og:url\" content=\"https:\/\/www.buo-rdc.com\/?page_id=35&amp;lang=en\" \/>\n<meta property=\"og:site_name\" content=\"Groupe BUO en RDC - Braun Underwriting Office\" \/>\n<meta property=\"article:modified_time\" content=\"2024-07-26T15:58:07+00:00\" \/>\n<meta property=\"og:image\" content=\"https:\/\/www.buo-rdc.com\/wp-content\/uploads\/2024\/07\/header-page-BUO-LISUNGI.jpg\" \/>\n\t<meta property=\"og:image:width\" content=\"1200\" \/>\n\t<meta property=\"og:image:height\" content=\"585\" \/>\n\t<meta property=\"og:image:type\" content=\"image\/jpeg\" \/>\n<meta name=\"twitter:card\" content=\"summary_large_image\" \/>\n<meta name=\"twitter:label1\" content=\"Dur\u00e9e de lecture est.\" \/>\n\t<meta name=\"twitter:data1\" content=\"3 minutes\" \/>\n<script type=\"application\/ld+json\" class=\"yoast-schema-graph\">{\"@context\":\"https:\\\/\\\/schema.org\",\"@graph\":[{\"@type\":\"WebPage\",\"@id\":\"https:\\\/\\\/www.buo-rdc.com\\\/?page_id=35&lang=en\",\"url\":\"https:\\\/\\\/www.buo-rdc.com\\\/?page_id=35&lang=en\",\"name\":\"LISUNGI: the health care guarantee adapted to the Congolese context - Groupe BUO en RDC - Braun Underwriting Office\",\"isPartOf\":{\"@id\":\"https:\\\/\\\/www.buo-rdc.com\\\/#website\"},\"primaryImageOfPage\":{\"@id\":\"https:\\\/\\\/www.buo-rdc.com\\\/?page_id=35&lang=en#primaryimage\"},\"image\":{\"@id\":\"https:\\\/\\\/www.buo-rdc.com\\\/?page_id=35&lang=en#primaryimage\"},\"thumbnailUrl\":\"https:\\\/\\\/www.buo-rdc.com\\\/wp-content\\\/uploads\\\/2024\\\/07\\\/header-page-BUO-LISUNGI.jpg\",\"datePublished\":\"2024-07-26T14:59:09+00:00\",\"dateModified\":\"2024-07-26T15:58:07+00:00\",\"breadcrumb\":{\"@id\":\"https:\\\/\\\/www.buo-rdc.com\\\/?page_id=35&lang=en#breadcrumb\"},\"inLanguage\":\"fr-BE\",\"potentialAction\":[{\"@type\":\"ReadAction\",\"target\":[\"https:\\\/\\\/www.buo-rdc.com\\\/?page_id=35&lang=en\"]}]},{\"@type\":\"ImageObject\",\"inLanguage\":\"fr-BE\",\"@id\":\"https:\\\/\\\/www.buo-rdc.com\\\/?page_id=35&lang=en#primaryimage\",\"url\":\"https:\\\/\\\/www.buo-rdc.com\\\/wp-content\\\/uploads\\\/2024\\\/07\\\/header-page-BUO-LISUNGI.jpg\",\"contentUrl\":\"https:\\\/\\\/www.buo-rdc.com\\\/wp-content\\\/uploads\\\/2024\\\/07\\\/header-page-BUO-LISUNGI.jpg\",\"width\":1200,\"height\":585},{\"@type\":\"BreadcrumbList\",\"@id\":\"https:\\\/\\\/www.buo-rdc.com\\\/?page_id=35&lang=en#breadcrumb\",\"itemListElement\":[{\"@type\":\"ListItem\",\"position\":1,\"name\":\"Accueil\",\"item\":\"https:\\\/\\\/www.buo-rdc.com\\\/\"},{\"@type\":\"ListItem\",\"position\":2,\"name\":\"Health care\",\"item\":\"https:\\\/\\\/www.buo-rdc.com\\\/?page_id=76&lang=en\"},{\"@type\":\"ListItem\",\"position\":3,\"name\":\"LISUNGI: the health care guarantee adapted to the Congolese context\"}]},{\"@type\":\"WebSite\",\"@id\":\"https:\\\/\\\/www.buo-rdc.com\\\/#website\",\"url\":\"https:\\\/\\\/www.buo-rdc.com\\\/\",\"name\":\"Groupe BUO en RDC - Braun Underwriting Office\",\"description\":\"Braun Underwriting O!ce est un groupe actif en R\u00e9publique D\u00e9mocratique du Congo. Le groupe BUO est bas\u00e9 \u00e0 Kinshasa o\u00f9 il a \u00e9t\u00e9 cr\u00e9\u00e9 par Henry E. Braun.\",\"publisher\":{\"@id\":\"https:\\\/\\\/www.buo-rdc.com\\\/#organization\"},\"potentialAction\":[{\"@type\":\"SearchAction\",\"target\":{\"@type\":\"EntryPoint\",\"urlTemplate\":\"https:\\\/\\\/www.buo-rdc.com\\\/?s={search_term_string}\"},\"query-input\":{\"@type\":\"PropertyValueSpecification\",\"valueRequired\":true,\"valueName\":\"search_term_string\"}}],\"inLanguage\":\"fr-BE\"},{\"@type\":\"Organization\",\"@id\":\"https:\\\/\\\/www.buo-rdc.com\\\/#organization\",\"name\":\"Groupe BUO en RDC - Braun Underwriting Office\",\"url\":\"https:\\\/\\\/www.buo-rdc.com\\\/\",\"logo\":{\"@type\":\"ImageObject\",\"inLanguage\":\"fr-BE\",\"@id\":\"https:\\\/\\\/www.buo-rdc.com\\\/#\\\/schema\\\/logo\\\/image\\\/\",\"url\":\"https:\\\/\\\/www.buo-rdc.com\\\/wp-content\\\/uploads\\\/2024\\\/07\\\/LOGO-HEADER.jpg\",\"contentUrl\":\"https:\\\/\\\/www.buo-rdc.com\\\/wp-content\\\/uploads\\\/2024\\\/07\\\/LOGO-HEADER.jpg\",\"width\":1600,\"height\":307,\"caption\":\"Groupe BUO en RDC - Braun Underwriting Office\"},\"image\":{\"@id\":\"https:\\\/\\\/www.buo-rdc.com\\\/#\\\/schema\\\/logo\\\/image\\\/\"}}]}<\/script>\n<!-- \/ Yoast SEO plugin. -->","yoast_head_json":{"title":"LISUNGI: the health care guarantee adapted to the Congolese context - Groupe BUO en RDC - Braun Underwriting Office","robots":{"index":"index","follow":"follow","max-snippet":"max-snippet:-1","max-image-preview":"max-image-preview:large","max-video-preview":"max-video-preview:-1"},"canonical":"https:\/\/www.buo-rdc.com\/?page_id=35&lang=en","og_locale":"fr_FR","og_type":"article","og_title":"LISUNGI: the health care guarantee adapted to the Congolese context - Groupe BUO en RDC - Braun Underwriting Office","og_description":"Since 2012, LISUNGI offers companies, organizations and individuals in Kinshasa a guarantee of effective and economical health care coverage adapted to the realities and complexity of the Congolese market. Whether you are an individual, an organization or a company, LISUNGI allows you to better manage your health care budget. LISUNGI offers several monthly price packages Read More ...","og_url":"https:\/\/www.buo-rdc.com\/?page_id=35&lang=en","og_site_name":"Groupe BUO en RDC - Braun Underwriting Office","article_modified_time":"2024-07-26T15:58:07+00:00","og_image":[{"width":1200,"height":585,"url":"https:\/\/www.buo-rdc.com\/wp-content\/uploads\/2024\/07\/header-page-BUO-LISUNGI.jpg","type":"image\/jpeg"}],"twitter_card":"summary_large_image","twitter_misc":{"Dur\u00e9e de lecture est.":"3 minutes"},"schema":{"@context":"https:\/\/schema.org","@graph":[{"@type":"WebPage","@id":"https:\/\/www.buo-rdc.com\/?page_id=35&lang=en","url":"https:\/\/www.buo-rdc.com\/?page_id=35&lang=en","name":"LISUNGI: the health care guarantee adapted to the Congolese context - Groupe BUO en RDC - Braun Underwriting Office","isPartOf":{"@id":"https:\/\/www.buo-rdc.com\/#website"},"primaryImageOfPage":{"@id":"https:\/\/www.buo-rdc.com\/?page_id=35&lang=en#primaryimage"},"image":{"@id":"https:\/\/www.buo-rdc.com\/?page_id=35&lang=en#primaryimage"},"thumbnailUrl":"https:\/\/www.buo-rdc.com\/wp-content\/uploads\/2024\/07\/header-page-BUO-LISUNGI.jpg","datePublished":"2024-07-26T14:59:09+00:00","dateModified":"2024-07-26T15:58:07+00:00","breadcrumb":{"@id":"https:\/\/www.buo-rdc.com\/?page_id=35&lang=en#breadcrumb"},"inLanguage":"fr-BE","potentialAction":[{"@type":"ReadAction","target":["https:\/\/www.buo-rdc.com\/?page_id=35&lang=en"]}]},{"@type":"ImageObject","inLanguage":"fr-BE","@id":"https:\/\/www.buo-rdc.com\/?page_id=35&lang=en#primaryimage","url":"https:\/\/www.buo-rdc.com\/wp-content\/uploads\/2024\/07\/header-page-BUO-LISUNGI.jpg","contentUrl":"https:\/\/www.buo-rdc.com\/wp-content\/uploads\/2024\/07\/header-page-BUO-LISUNGI.jpg","width":1200,"height":585},{"@type":"BreadcrumbList","@id":"https:\/\/www.buo-rdc.com\/?page_id=35&lang=en#breadcrumb","itemListElement":[{"@type":"ListItem","position":1,"name":"Accueil","item":"https:\/\/www.buo-rdc.com\/"},{"@type":"ListItem","position":2,"name":"Health care","item":"https:\/\/www.buo-rdc.com\/?page_id=76&lang=en"},{"@type":"ListItem","position":3,"name":"LISUNGI: the health care guarantee adapted to the Congolese context"}]},{"@type":"WebSite","@id":"https:\/\/www.buo-rdc.com\/#website","url":"https:\/\/www.buo-rdc.com\/","name":"Groupe BUO en RDC - Braun Underwriting Office","description":"Braun Underwriting O!ce est un groupe actif en R\u00e9publique D\u00e9mocratique du Congo. Le groupe BUO est bas\u00e9 \u00e0 Kinshasa o\u00f9 il a \u00e9t\u00e9 cr\u00e9\u00e9 par Henry E. Braun.","publisher":{"@id":"https:\/\/www.buo-rdc.com\/#organization"},"potentialAction":[{"@type":"SearchAction","target":{"@type":"EntryPoint","urlTemplate":"https:\/\/www.buo-rdc.com\/?s={search_term_string}"},"query-input":{"@type":"PropertyValueSpecification","valueRequired":true,"valueName":"search_term_string"}}],"inLanguage":"fr-BE"},{"@type":"Organization","@id":"https:\/\/www.buo-rdc.com\/#organization","name":"Groupe BUO en RDC - Braun Underwriting Office","url":"https:\/\/www.buo-rdc.com\/","logo":{"@type":"ImageObject","inLanguage":"fr-BE","@id":"https:\/\/www.buo-rdc.com\/#\/schema\/logo\/image\/","url":"https:\/\/www.buo-rdc.com\/wp-content\/uploads\/2024\/07\/LOGO-HEADER.jpg","contentUrl":"https:\/\/www.buo-rdc.com\/wp-content\/uploads\/2024\/07\/LOGO-HEADER.jpg","width":1600,"height":307,"caption":"Groupe BUO en RDC - Braun Underwriting Office"},"image":{"@id":"https:\/\/www.buo-rdc.com\/#\/schema\/logo\/image\/"}}]}},"_links":{"self":[{"href":"https:\/\/www.buo-rdc.com\/index.php?rest_route=\/wp\/v2\/pages\/35","targetHints":{"allow":["GET"]}}],"collection":[{"href":"https:\/\/www.buo-rdc.com\/index.php?rest_route=\/wp\/v2\/pages"}],"about":[{"href":"https:\/\/www.buo-rdc.com\/index.php?rest_route=\/wp\/v2\/types\/page"}],"author":[{"embeddable":true,"href":"https:\/\/www.buo-rdc.com\/index.php?rest_route=\/wp\/v2\/users\/1"}],"replies":[{"embeddable":true,"href":"https:\/\/www.buo-rdc.com\/index.php?rest_route=%2Fwp%2Fv2%2Fcomments&post=35"}],"version-history":[{"count":1,"href":"https:\/\/www.buo-rdc.com\/index.php?rest_route=\/wp\/v2\/pages\/35\/revisions"}],"predecessor-version":[{"id":36,"href":"https:\/\/www.buo-rdc.com\/index.php?rest_route=\/wp\/v2\/pages\/35\/revisions\/36"}],"up":[{"embeddable":true,"href":"https:\/\/www.buo-rdc.com\/index.php?rest_route=\/wp\/v2\/pages\/76"}],"wp:featuredmedia":[{"embeddable":true,"href":"https:\/\/www.buo-rdc.com\/index.php?rest_route=\/wp\/v2\/media\/29"}],"wp:attachment":[{"href":"https:\/\/www.buo-rdc.com\/index.php?rest_route=%2Fwp%2Fv2%2Fmedia&parent=35"}],"curies":[{"name":"wp","href":"https:\/\/api.w.org\/{rel}","templated":true}]}}