{"id":39,"date":"2024-07-26T17:07:06","date_gmt":"2024-07-26T15:07:06","guid":{"rendered":"https:\/\/www.buo-rdc.com\/?page_id=39"},"modified":"2024-07-26T17:57:58","modified_gmt":"2024-07-26T15:57:58","slug":"medical-evacuation-abroad-oraclemed-health","status":"publish","type":"page","link":"https:\/\/www.buo-rdc.com\/?page_id=39&lang=en","title":{"rendered":"Medical evacuation abroad ORACLEMED HEALTH"},"content":{"rendered":"<p>LISUNGI offers the services of ORACLEMED HEALTH, a global medical health insurer and administrator based in South Africa.<\/p>\n<p>OracleMed Health meets the dynamic demands of your healthcare needs offering access to quality and World-class Healthcare.<\/p>\n<p>The Financial Security of our Insurance Partners together with our Knowledge and understanding of healthcare treatment across Continent of Africa will allow for a sound and sustainable Healthcare Solution:<\/p>\n<ul>\n<li>24-hour Medical Call Centre and International Help Line to offer advice and assistance.<\/li>\n<li>Seamless and Excellent Service at every interaction.<\/li>\n<li>Worldwide hospital network of 3200 hospitals.<\/li>\n<li>Established partnerships with 7000 providers across Africa.<\/li>\n<li>All claims paid at incurred costs and by direct settlement to Providers.<\/li>\n<li>Full cover for medical evacuations and in hospital treatment for medical emergencies in home country or when travelling abroad.<\/li>\n<li>Full cover for non-emergency hospital treatment in home country or offshore.<\/li>\n<li>Hospitalisation in world-class hospitals.<\/li>\n<li>Benefits include airfare and accommodation for patient and third party accompaniment.<\/li>\n<li>Dedicated Client Relationship Manager to ensure that we deliver on all aspects of our offering.<\/li>\n<li>Account Manager is assigned to ensure smooth operation of the scheme<\/li>\n<\/ul>\n<p><strong>Emergency medical evacuation and hospitalisation<\/strong><\/p>\n<ul>\n<li>24 hour emergency evacuation and hospital treatment whether at home or abroad.<\/li>\n<li>Full cover and range of benefits when you need to be admitted to hospital Emergency medical treatment outside of your home country<\/li>\n<li>Air evacuation with medical treatment<\/li>\n<li>Accommodation and airfare for accompanying family member Return by commercial airline to home country<\/li>\n<li>A case manager is assigned to each patient<\/li>\n<\/ul>\n<p><strong>Non-emergency hospitalisation<\/strong><\/p>\n<ul>\n<li>Full cover and range of benefits when you need to be admitted to hospital for non-emergency (elective) procedures whether at home or offshore<\/li>\n<li>Transfer by Commercial airline to the nearest appropriate facility<\/li>\n<li>Accommodation and airfare for accompanying family member<\/li>\n<li>Return by commercial airline to home country<\/li>\n<\/ul>\n<p>To choose the best option ORACLEMED HEALTH that best suits your means, we invite you to make an appointment with our sales department.<br \/>\nPhone. +243 817 109 437<br \/>\nE-mail: as@lisungi-rdc.com<br \/>\nor visit us at the BUO building, Avenue Wagenia n \u00b0 218-220, Kinshasa Gombe.A case manager is assigned to each patient<\/p>\n","protected":false},"excerpt":{"rendered":"<p>LISUNGI offers the services of ORACLEMED HEALTH, a global medical health insurer and administrator based in South Africa. OracleMed Health meets the dynamic demands of your healthcare needs offering access to quality and World-class Healthcare. The Financial Security of our Insurance Partners together with our Knowledge and understanding of healthcare treatment across Continent of Africa <a class=\"more-link\" href=\"https:\/\/www.buo-rdc.com\/?page_id=39&#038;lang=en\">Read More &#8230;<\/a><\/p>\n","protected":false},"author":1,"featured_media":30,"parent":76,"menu_order":0,"comment_status":"closed","ping_status":"closed","template":"","meta":{"footnotes":""},"class_list":["post-39","page","type-page","status-publish","has-post-thumbnail","hentry"],"yoast_head":"<!-- This site is optimized with the Yoast SEO plugin v27.5 - https:\/\/yoast.com\/product\/yoast-seo-wordpress\/ -->\n<title>Medical evacuation abroad ORACLEMED HEALTH - Groupe BUO en RDC - Braun Underwriting Office<\/title>\n<meta name=\"robots\" content=\"index, follow, max-snippet:-1, max-image-preview:large, max-video-preview:-1\" \/>\n<link rel=\"canonical\" href=\"https:\/\/www.buo-rdc.com\/?page_id=39&lang=en\" \/>\n<meta property=\"og:locale\" content=\"fr_FR\" \/>\n<meta property=\"og:type\" content=\"article\" \/>\n<meta property=\"og:title\" content=\"Medical evacuation abroad ORACLEMED HEALTH - Groupe BUO en RDC - Braun Underwriting Office\" \/>\n<meta property=\"og:description\" content=\"LISUNGI offers the services of ORACLEMED HEALTH, a global medical health insurer and administrator based in South Africa. OracleMed Health meets the dynamic demands of your healthcare needs offering access to quality and World-class Healthcare. The Financial Security of our Insurance Partners together with our Knowledge and understanding of healthcare treatment across Continent of Africa Read More ...\" \/>\n<meta property=\"og:url\" content=\"https:\/\/www.buo-rdc.com\/?page_id=39&amp;lang=en\" \/>\n<meta property=\"og:site_name\" content=\"Groupe BUO en RDC - Braun Underwriting Office\" \/>\n<meta property=\"article:modified_time\" content=\"2024-07-26T15:57:58+00:00\" \/>\n<meta property=\"og:image\" content=\"https:\/\/www.buo-rdc.com\/wp-content\/uploads\/2024\/07\/header-page-BUO-oraclemed.jpg\" \/>\n\t<meta property=\"og:image:width\" content=\"1200\" \/>\n\t<meta property=\"og:image:height\" content=\"585\" \/>\n\t<meta property=\"og:image:type\" content=\"image\/jpeg\" \/>\n<meta name=\"twitter:card\" content=\"summary_large_image\" \/>\n<meta name=\"twitter:label1\" content=\"Dur\u00e9e de lecture est.\" \/>\n\t<meta name=\"twitter:data1\" content=\"2 minutes\" \/>\n<script type=\"application\/ld+json\" class=\"yoast-schema-graph\">{\"@context\":\"https:\\\/\\\/schema.org\",\"@graph\":[{\"@type\":\"WebPage\",\"@id\":\"https:\\\/\\\/www.buo-rdc.com\\\/?page_id=39&lang=en\",\"url\":\"https:\\\/\\\/www.buo-rdc.com\\\/?page_id=39&lang=en\",\"name\":\"Medical evacuation abroad ORACLEMED HEALTH - Groupe BUO en RDC - Braun Underwriting Office\",\"isPartOf\":{\"@id\":\"https:\\\/\\\/www.buo-rdc.com\\\/#website\"},\"primaryImageOfPage\":{\"@id\":\"https:\\\/\\\/www.buo-rdc.com\\\/?page_id=39&lang=en#primaryimage\"},\"image\":{\"@id\":\"https:\\\/\\\/www.buo-rdc.com\\\/?page_id=39&lang=en#primaryimage\"},\"thumbnailUrl\":\"https:\\\/\\\/www.buo-rdc.com\\\/wp-content\\\/uploads\\\/2024\\\/07\\\/header-page-BUO-oraclemed.jpg\",\"datePublished\":\"2024-07-26T15:07:06+00:00\",\"dateModified\":\"2024-07-26T15:57:58+00:00\",\"breadcrumb\":{\"@id\":\"https:\\\/\\\/www.buo-rdc.com\\\/?page_id=39&lang=en#breadcrumb\"},\"inLanguage\":\"fr-BE\",\"potentialAction\":[{\"@type\":\"ReadAction\",\"target\":[\"https:\\\/\\\/www.buo-rdc.com\\\/?page_id=39&lang=en\"]}]},{\"@type\":\"ImageObject\",\"inLanguage\":\"fr-BE\",\"@id\":\"https:\\\/\\\/www.buo-rdc.com\\\/?page_id=39&lang=en#primaryimage\",\"url\":\"https:\\\/\\\/www.buo-rdc.com\\\/wp-content\\\/uploads\\\/2024\\\/07\\\/header-page-BUO-oraclemed.jpg\",\"contentUrl\":\"https:\\\/\\\/www.buo-rdc.com\\\/wp-content\\\/uploads\\\/2024\\\/07\\\/header-page-BUO-oraclemed.jpg\",\"width\":1200,\"height\":585},{\"@type\":\"BreadcrumbList\",\"@id\":\"https:\\\/\\\/www.buo-rdc.com\\\/?page_id=39&lang=en#breadcrumb\",\"itemListElement\":[{\"@type\":\"ListItem\",\"position\":1,\"name\":\"Accueil\",\"item\":\"https:\\\/\\\/www.buo-rdc.com\\\/\"},{\"@type\":\"ListItem\",\"position\":2,\"name\":\"Health care\",\"item\":\"https:\\\/\\\/www.buo-rdc.com\\\/?page_id=76&lang=en\"},{\"@type\":\"ListItem\",\"position\":3,\"name\":\"Medical evacuation abroad ORACLEMED HEALTH\"}]},{\"@type\":\"WebSite\",\"@id\":\"https:\\\/\\\/www.buo-rdc.com\\\/#website\",\"url\":\"https:\\\/\\\/www.buo-rdc.com\\\/\",\"name\":\"Groupe BUO en RDC - Braun Underwriting Office\",\"description\":\"Braun Underwriting O!ce est un groupe actif en R\u00e9publique D\u00e9mocratique du Congo. Le groupe BUO est bas\u00e9 \u00e0 Kinshasa o\u00f9 il a \u00e9t\u00e9 cr\u00e9\u00e9 par Henry E. Braun.\",\"publisher\":{\"@id\":\"https:\\\/\\\/www.buo-rdc.com\\\/#organization\"},\"potentialAction\":[{\"@type\":\"SearchAction\",\"target\":{\"@type\":\"EntryPoint\",\"urlTemplate\":\"https:\\\/\\\/www.buo-rdc.com\\\/?s={search_term_string}\"},\"query-input\":{\"@type\":\"PropertyValueSpecification\",\"valueRequired\":true,\"valueName\":\"search_term_string\"}}],\"inLanguage\":\"fr-BE\"},{\"@type\":\"Organization\",\"@id\":\"https:\\\/\\\/www.buo-rdc.com\\\/#organization\",\"name\":\"Groupe BUO en RDC - Braun Underwriting Office\",\"url\":\"https:\\\/\\\/www.buo-rdc.com\\\/\",\"logo\":{\"@type\":\"ImageObject\",\"inLanguage\":\"fr-BE\",\"@id\":\"https:\\\/\\\/www.buo-rdc.com\\\/#\\\/schema\\\/logo\\\/image\\\/\",\"url\":\"https:\\\/\\\/www.buo-rdc.com\\\/wp-content\\\/uploads\\\/2024\\\/07\\\/LOGO-HEADER.jpg\",\"contentUrl\":\"https:\\\/\\\/www.buo-rdc.com\\\/wp-content\\\/uploads\\\/2024\\\/07\\\/LOGO-HEADER.jpg\",\"width\":1600,\"height\":307,\"caption\":\"Groupe BUO en RDC - Braun Underwriting Office\"},\"image\":{\"@id\":\"https:\\\/\\\/www.buo-rdc.com\\\/#\\\/schema\\\/logo\\\/image\\\/\"}}]}<\/script>\n<!-- \/ Yoast SEO plugin. -->","yoast_head_json":{"title":"Medical evacuation abroad ORACLEMED HEALTH - Groupe BUO en RDC - Braun Underwriting Office","robots":{"index":"index","follow":"follow","max-snippet":"max-snippet:-1","max-image-preview":"max-image-preview:large","max-video-preview":"max-video-preview:-1"},"canonical":"https:\/\/www.buo-rdc.com\/?page_id=39&lang=en","og_locale":"fr_FR","og_type":"article","og_title":"Medical evacuation abroad ORACLEMED HEALTH - Groupe BUO en RDC - Braun Underwriting Office","og_description":"LISUNGI offers the services of ORACLEMED HEALTH, a global medical health insurer and administrator based in South Africa. OracleMed Health meets the dynamic demands of your healthcare needs offering access to quality and World-class Healthcare. The Financial Security of our Insurance Partners together with our Knowledge and understanding of healthcare treatment across Continent of Africa Read More ...","og_url":"https:\/\/www.buo-rdc.com\/?page_id=39&lang=en","og_site_name":"Groupe BUO en RDC - Braun Underwriting Office","article_modified_time":"2024-07-26T15:57:58+00:00","og_image":[{"width":1200,"height":585,"url":"https:\/\/www.buo-rdc.com\/wp-content\/uploads\/2024\/07\/header-page-BUO-oraclemed.jpg","type":"image\/jpeg"}],"twitter_card":"summary_large_image","twitter_misc":{"Dur\u00e9e de lecture est.":"2 minutes"},"schema":{"@context":"https:\/\/schema.org","@graph":[{"@type":"WebPage","@id":"https:\/\/www.buo-rdc.com\/?page_id=39&lang=en","url":"https:\/\/www.buo-rdc.com\/?page_id=39&lang=en","name":"Medical evacuation abroad ORACLEMED HEALTH - Groupe BUO en RDC - Braun Underwriting Office","isPartOf":{"@id":"https:\/\/www.buo-rdc.com\/#website"},"primaryImageOfPage":{"@id":"https:\/\/www.buo-rdc.com\/?page_id=39&lang=en#primaryimage"},"image":{"@id":"https:\/\/www.buo-rdc.com\/?page_id=39&lang=en#primaryimage"},"thumbnailUrl":"https:\/\/www.buo-rdc.com\/wp-content\/uploads\/2024\/07\/header-page-BUO-oraclemed.jpg","datePublished":"2024-07-26T15:07:06+00:00","dateModified":"2024-07-26T15:57:58+00:00","breadcrumb":{"@id":"https:\/\/www.buo-rdc.com\/?page_id=39&lang=en#breadcrumb"},"inLanguage":"fr-BE","potentialAction":[{"@type":"ReadAction","target":["https:\/\/www.buo-rdc.com\/?page_id=39&lang=en"]}]},{"@type":"ImageObject","inLanguage":"fr-BE","@id":"https:\/\/www.buo-rdc.com\/?page_id=39&lang=en#primaryimage","url":"https:\/\/www.buo-rdc.com\/wp-content\/uploads\/2024\/07\/header-page-BUO-oraclemed.jpg","contentUrl":"https:\/\/www.buo-rdc.com\/wp-content\/uploads\/2024\/07\/header-page-BUO-oraclemed.jpg","width":1200,"height":585},{"@type":"BreadcrumbList","@id":"https:\/\/www.buo-rdc.com\/?page_id=39&lang=en#breadcrumb","itemListElement":[{"@type":"ListItem","position":1,"name":"Accueil","item":"https:\/\/www.buo-rdc.com\/"},{"@type":"ListItem","position":2,"name":"Health care","item":"https:\/\/www.buo-rdc.com\/?page_id=76&lang=en"},{"@type":"ListItem","position":3,"name":"Medical evacuation abroad ORACLEMED HEALTH"}]},{"@type":"WebSite","@id":"https:\/\/www.buo-rdc.com\/#website","url":"https:\/\/www.buo-rdc.com\/","name":"Groupe BUO en RDC - Braun Underwriting Office","description":"Braun Underwriting O!ce est un groupe actif en R\u00e9publique D\u00e9mocratique du Congo. Le groupe BUO est bas\u00e9 \u00e0 Kinshasa o\u00f9 il a \u00e9t\u00e9 cr\u00e9\u00e9 par Henry E. Braun.","publisher":{"@id":"https:\/\/www.buo-rdc.com\/#organization"},"potentialAction":[{"@type":"SearchAction","target":{"@type":"EntryPoint","urlTemplate":"https:\/\/www.buo-rdc.com\/?s={search_term_string}"},"query-input":{"@type":"PropertyValueSpecification","valueRequired":true,"valueName":"search_term_string"}}],"inLanguage":"fr-BE"},{"@type":"Organization","@id":"https:\/\/www.buo-rdc.com\/#organization","name":"Groupe BUO en RDC - Braun Underwriting Office","url":"https:\/\/www.buo-rdc.com\/","logo":{"@type":"ImageObject","inLanguage":"fr-BE","@id":"https:\/\/www.buo-rdc.com\/#\/schema\/logo\/image\/","url":"https:\/\/www.buo-rdc.com\/wp-content\/uploads\/2024\/07\/LOGO-HEADER.jpg","contentUrl":"https:\/\/www.buo-rdc.com\/wp-content\/uploads\/2024\/07\/LOGO-HEADER.jpg","width":1600,"height":307,"caption":"Groupe BUO en RDC - Braun Underwriting Office"},"image":{"@id":"https:\/\/www.buo-rdc.com\/#\/schema\/logo\/image\/"}}]}},"_links":{"self":[{"href":"https:\/\/www.buo-rdc.com\/index.php?rest_route=\/wp\/v2\/pages\/39","targetHints":{"allow":["GET"]}}],"collection":[{"href":"https:\/\/www.buo-rdc.com\/index.php?rest_route=\/wp\/v2\/pages"}],"about":[{"href":"https:\/\/www.buo-rdc.com\/index.php?rest_route=\/wp\/v2\/types\/page"}],"author":[{"embeddable":true,"href":"https:\/\/www.buo-rdc.com\/index.php?rest_route=\/wp\/v2\/users\/1"}],"replies":[{"embeddable":true,"href":"https:\/\/www.buo-rdc.com\/index.php?rest_route=%2Fwp%2Fv2%2Fcomments&post=39"}],"version-history":[{"count":1,"href":"https:\/\/www.buo-rdc.com\/index.php?rest_route=\/wp\/v2\/pages\/39\/revisions"}],"predecessor-version":[{"id":40,"href":"https:\/\/www.buo-rdc.com\/index.php?rest_route=\/wp\/v2\/pages\/39\/revisions\/40"}],"up":[{"embeddable":true,"href":"https:\/\/www.buo-rdc.com\/index.php?rest_route=\/wp\/v2\/pages\/76"}],"wp:featuredmedia":[{"embeddable":true,"href":"https:\/\/www.buo-rdc.com\/index.php?rest_route=\/wp\/v2\/media\/30"}],"wp:attachment":[{"href":"https:\/\/www.buo-rdc.com\/index.php?rest_route=%2Fwp%2Fv2%2Fmedia&parent=39"}],"curies":[{"name":"wp","href":"https:\/\/api.w.org\/{rel}","templated":true}]}}