{"id":46,"date":"2024-07-26T17:17:49","date_gmt":"2024-07-26T15:17:49","guid":{"rendered":"https:\/\/www.buo-rdc.com\/?page_id=46"},"modified":"2024-07-26T18:04:35","modified_gmt":"2024-07-26T16:04:35","slug":"developpement-dapplications-informatiques-ricotech","status":"publish","type":"page","link":"https:\/\/www.buo-rdc.com\/?page_id=46","title":{"rendered":"D\u00e9veloppement d\u2019applications informatiques RICOTECH"},"content":{"rendered":"<p>RICOTECH est un d\u00e9partement du groupe BUO anim\u00e9 par une \u00e9quipe de d\u00e9veloppeurs congolais. Ceux-ci con\u00e7oivent des applications d\u00e9di\u00e9es pour le groupe BUO ou pour des clients tiers en tenant compte des contraintes propres au contexte congolais.<\/p>\n<hr \/>\n<p><strong>Voici la pr\u00e9sentation de deux r\u00e9alisations actuellement op\u00e9rationnelles.<\/strong><\/p>\n<p><span style=\"font-size: 14pt; color: #800000;\"><strong>ACADEMICO<\/strong><\/span><\/p>\n<p><strong>ACADEMICO<\/strong> est un logiciel d\u00e9velopp\u00e9 pour les \u00e9tablissements congolais de l\u2019enseignement sup\u00e9rieur (EES) comme l\u2019ISC (Institut Sup\u00e9rieur de Commerce) et l\u2019ISP (Institut Sup\u00e9rieur P\u00e9dagogique). L\u2019objectif de l\u2019application est d\u2019optimiser la gestion acad\u00e9mique.<\/p>\n<p>Elle est \u00e0 la disposition des \u00e9tudiants et des agents de l\u2019Enseignement pour:<\/p>\n<ul>\n<li>Contr\u00f4ler les effectifs des \u00e9tudiants.<\/li>\n<li>G\u00e9rer les caisses pour le paiement des frais.<\/li>\n<li>Faciliter la d\u00e9lib\u00e9ration.<\/li>\n<li>Etablir la communication entre l\u2019EES et les \u00e9tudiants.<\/li>\n<li>Imprimer les badges avec code barre pour les \u00e9tudiants et les agents de l\u2019EES.<\/li>\n<\/ul>\n<p>ACADEMICO est une application Android (smartphone) qui tourne en PHP. Les donn\u00e9es sont h\u00e9berg\u00e9es sur le serveur local de l\u2019EES avec une r\u00e9plique dans le cloud.<br \/>\nC\u2019est un financement du Groupe BUO<\/p>\n<hr \/>\n<p><span style=\"font-size: 14pt;\"><strong><span style=\"color: #800000;\">HOITO<\/span><\/strong><\/span><\/p>\n<p><strong>HOITO<\/strong> est une application d\u00e9velopp\u00e9e pour le programme LISUNGI du groupe BUO. LISUNGI est un service garantie soins de sant\u00e9 qui travaille avec une vingtaine d\u2019h\u00f4pitaux \u00e0 Kinshasa.<\/p>\n<p>Elle est exploit\u00e9e par :<\/p>\n<p>1\/ Les agents de BUO LISUNGI pour:<\/p>\n<ul>\n<li>Effectuer la facturation des clients.<\/li>\n<li>G\u00e9rer le stock des produits pharmaceutique dans nos pharmacies.<\/li>\n<li>G\u00e9rer les frais d\u2019hospitalisation des clients.<\/li>\n<li>Suivre le tracking des visites des assur\u00e9s \u00e0 l\u2019h\u00f4pital.<\/li>\n<li>Sauvegarder l\u2019historique m\u00e9dical de chaque patient assur\u00e9. Imprimer les badges individuels des assur\u00e9s.<\/li>\n<\/ul>\n<p>2\/ Les soci\u00e9t\u00e9s qui sont annonc\u00e9es \u00e0 LISUNGI pour les soins de sant\u00e9 de leur personnel peuvent:<\/p>\n<ul>\n<li>Consulter leurs factures et paiements.<\/li>\n<li>Faire le suivi des leurs agents.<\/li>\n<\/ul>\n<p>3\/ Les h\u00f4pitaux affili\u00e9s :<\/p>\n<ul>\n<li>Identification des patients avec leur badge \u00e0 leur arriv\u00e9e \u00e0 l\u2019h\u00f4pital.<\/li>\n<li>Les m\u00e9decins ont acc\u00e8s \u00e0 l\u2019historique m\u00e9dical de chaque patient.<\/li>\n<\/ul>\n<p><strong>HOITO<\/strong> est une application qui tourne en PHP. Les donn\u00e9es sont h\u00e9berg\u00e9es dans le cloud. C\u2019est un financement du Groupe BUO<\/p>\n","protected":false},"excerpt":{"rendered":"<p>RICOTECH est un d\u00e9partement du groupe BUO anim\u00e9 par une \u00e9quipe de d\u00e9veloppeurs congolais. Ceux-ci con\u00e7oivent des applications d\u00e9di\u00e9es pour le groupe BUO ou pour des clients tiers en tenant compte des contraintes propres au contexte congolais. Voici la pr\u00e9sentation de deux r\u00e9alisations actuellement op\u00e9rationnelles. ACADEMICO ACADEMICO est un logiciel d\u00e9velopp\u00e9 pour les \u00e9tablissements congolais <a class=\"more-link\" href=\"https:\/\/www.buo-rdc.com\/?page_id=46\">Read More &#8230;<\/a><\/p>\n","protected":false},"author":1,"featured_media":28,"parent":79,"menu_order":0,"comment_status":"closed","ping_status":"closed","template":"","meta":{"footnotes":""},"class_list":["post-46","page","type-page","status-publish","has-post-thumbnail","hentry"],"yoast_head":"<!-- This site is optimized with the Yoast SEO plugin v27.5 - https:\/\/yoast.com\/product\/yoast-seo-wordpress\/ -->\n<title>D\u00e9veloppement d\u2019applications informatiques RICOTECH - Groupe BUO en RDC - Braun Underwriting Office<\/title>\n<meta name=\"robots\" content=\"index, follow, max-snippet:-1, max-image-preview:large, max-video-preview:-1\" \/>\n<link rel=\"canonical\" href=\"https:\/\/www.buo-rdc.com\/?page_id=46\" \/>\n<meta property=\"og:locale\" content=\"fr_FR\" \/>\n<meta property=\"og:type\" content=\"article\" \/>\n<meta property=\"og:title\" content=\"D\u00e9veloppement d\u2019applications informatiques RICOTECH - Groupe BUO en RDC - Braun Underwriting Office\" \/>\n<meta property=\"og:description\" content=\"RICOTECH est un d\u00e9partement du groupe BUO anim\u00e9 par une \u00e9quipe de d\u00e9veloppeurs congolais. Ceux-ci con\u00e7oivent des applications d\u00e9di\u00e9es pour le groupe BUO ou pour des clients tiers en tenant compte des contraintes propres au contexte congolais. Voici la pr\u00e9sentation de deux r\u00e9alisations actuellement op\u00e9rationnelles. ACADEMICO ACADEMICO est un logiciel d\u00e9velopp\u00e9 pour les \u00e9tablissements congolais Read More ...\" \/>\n<meta property=\"og:url\" content=\"https:\/\/www.buo-rdc.com\/?page_id=46\" \/>\n<meta property=\"og:site_name\" content=\"Groupe BUO en RDC - Braun Underwriting Office\" \/>\n<meta property=\"article:modified_time\" content=\"2024-07-26T16:04:35+00:00\" \/>\n<meta property=\"og:image\" content=\"https:\/\/www.buo-rdc.com\/wp-content\/uploads\/2024\/07\/header-page-BUO-ricotech.jpg\" \/>\n\t<meta property=\"og:image:width\" content=\"1200\" \/>\n\t<meta property=\"og:image:height\" content=\"585\" \/>\n\t<meta property=\"og:image:type\" content=\"image\/jpeg\" \/>\n<meta name=\"twitter:card\" content=\"summary_large_image\" \/>\n<meta name=\"twitter:label1\" content=\"Dur\u00e9e de lecture est.\" \/>\n\t<meta name=\"twitter:data1\" content=\"2 minutes\" \/>\n<script type=\"application\/ld+json\" class=\"yoast-schema-graph\">{\"@context\":\"https:\\\/\\\/schema.org\",\"@graph\":[{\"@type\":\"WebPage\",\"@id\":\"https:\\\/\\\/www.buo-rdc.com\\\/?page_id=46\",\"url\":\"https:\\\/\\\/www.buo-rdc.com\\\/?page_id=46\",\"name\":\"D\u00e9veloppement d\u2019applications informatiques RICOTECH - Groupe BUO en RDC - Braun Underwriting Office\",\"isPartOf\":{\"@id\":\"https:\\\/\\\/www.buo-rdc.com\\\/#website\"},\"primaryImageOfPage\":{\"@id\":\"https:\\\/\\\/www.buo-rdc.com\\\/?page_id=46#primaryimage\"},\"image\":{\"@id\":\"https:\\\/\\\/www.buo-rdc.com\\\/?page_id=46#primaryimage\"},\"thumbnailUrl\":\"https:\\\/\\\/www.buo-rdc.com\\\/wp-content\\\/uploads\\\/2024\\\/07\\\/header-page-BUO-ricotech.jpg\",\"datePublished\":\"2024-07-26T15:17:49+00:00\",\"dateModified\":\"2024-07-26T16:04:35+00:00\",\"breadcrumb\":{\"@id\":\"https:\\\/\\\/www.buo-rdc.com\\\/?page_id=46#breadcrumb\"},\"inLanguage\":\"fr-BE\",\"potentialAction\":[{\"@type\":\"ReadAction\",\"target\":[\"https:\\\/\\\/www.buo-rdc.com\\\/?page_id=46\"]}]},{\"@type\":\"ImageObject\",\"inLanguage\":\"fr-BE\",\"@id\":\"https:\\\/\\\/www.buo-rdc.com\\\/?page_id=46#primaryimage\",\"url\":\"https:\\\/\\\/www.buo-rdc.com\\\/wp-content\\\/uploads\\\/2024\\\/07\\\/header-page-BUO-ricotech.jpg\",\"contentUrl\":\"https:\\\/\\\/www.buo-rdc.com\\\/wp-content\\\/uploads\\\/2024\\\/07\\\/header-page-BUO-ricotech.jpg\",\"width\":1200,\"height\":585},{\"@type\":\"BreadcrumbList\",\"@id\":\"https:\\\/\\\/www.buo-rdc.com\\\/?page_id=46#breadcrumb\",\"itemListElement\":[{\"@type\":\"ListItem\",\"position\":1,\"name\":\"Accueil\",\"item\":\"https:\\\/\\\/www.buo-rdc.com\\\/\"},{\"@type\":\"ListItem\",\"position\":2,\"name\":\"Informatique et finances\",\"item\":\"https:\\\/\\\/www.buo-rdc.com\\\/?page_id=79\"},{\"@type\":\"ListItem\",\"position\":3,\"name\":\"D\u00e9veloppement d\u2019applications informatiques RICOTECH\"}]},{\"@type\":\"WebSite\",\"@id\":\"https:\\\/\\\/www.buo-rdc.com\\\/#website\",\"url\":\"https:\\\/\\\/www.buo-rdc.com\\\/\",\"name\":\"Groupe BUO en RDC - Braun Underwriting Office\",\"description\":\"Braun Underwriting O!ce est un groupe actif en R\u00e9publique D\u00e9mocratique du Congo. Le groupe BUO est bas\u00e9 \u00e0 Kinshasa o\u00f9 il a \u00e9t\u00e9 cr\u00e9\u00e9 par Henry E. Braun.\",\"publisher\":{\"@id\":\"https:\\\/\\\/www.buo-rdc.com\\\/#organization\"},\"potentialAction\":[{\"@type\":\"SearchAction\",\"target\":{\"@type\":\"EntryPoint\",\"urlTemplate\":\"https:\\\/\\\/www.buo-rdc.com\\\/?s={search_term_string}\"},\"query-input\":{\"@type\":\"PropertyValueSpecification\",\"valueRequired\":true,\"valueName\":\"search_term_string\"}}],\"inLanguage\":\"fr-BE\"},{\"@type\":\"Organization\",\"@id\":\"https:\\\/\\\/www.buo-rdc.com\\\/#organization\",\"name\":\"Groupe BUO en RDC - Braun Underwriting Office\",\"url\":\"https:\\\/\\\/www.buo-rdc.com\\\/\",\"logo\":{\"@type\":\"ImageObject\",\"inLanguage\":\"fr-BE\",\"@id\":\"https:\\\/\\\/www.buo-rdc.com\\\/#\\\/schema\\\/logo\\\/image\\\/\",\"url\":\"https:\\\/\\\/www.buo-rdc.com\\\/wp-content\\\/uploads\\\/2024\\\/07\\\/LOGO-HEADER.jpg\",\"contentUrl\":\"https:\\\/\\\/www.buo-rdc.com\\\/wp-content\\\/uploads\\\/2024\\\/07\\\/LOGO-HEADER.jpg\",\"width\":1600,\"height\":307,\"caption\":\"Groupe BUO en RDC - Braun Underwriting Office\"},\"image\":{\"@id\":\"https:\\\/\\\/www.buo-rdc.com\\\/#\\\/schema\\\/logo\\\/image\\\/\"}}]}<\/script>\n<!-- \/ Yoast SEO plugin. -->","yoast_head_json":{"title":"D\u00e9veloppement d\u2019applications informatiques RICOTECH - Groupe BUO en RDC - Braun Underwriting Office","robots":{"index":"index","follow":"follow","max-snippet":"max-snippet:-1","max-image-preview":"max-image-preview:large","max-video-preview":"max-video-preview:-1"},"canonical":"https:\/\/www.buo-rdc.com\/?page_id=46","og_locale":"fr_FR","og_type":"article","og_title":"D\u00e9veloppement d\u2019applications informatiques RICOTECH - Groupe BUO en RDC - Braun Underwriting Office","og_description":"RICOTECH est un d\u00e9partement du groupe BUO anim\u00e9 par une \u00e9quipe de d\u00e9veloppeurs congolais. Ceux-ci con\u00e7oivent des applications d\u00e9di\u00e9es pour le groupe BUO ou pour des clients tiers en tenant compte des contraintes propres au contexte congolais. Voici la pr\u00e9sentation de deux r\u00e9alisations actuellement op\u00e9rationnelles. ACADEMICO ACADEMICO est un logiciel d\u00e9velopp\u00e9 pour les \u00e9tablissements congolais Read More ...","og_url":"https:\/\/www.buo-rdc.com\/?page_id=46","og_site_name":"Groupe BUO en RDC - Braun Underwriting Office","article_modified_time":"2024-07-26T16:04:35+00:00","og_image":[{"width":1200,"height":585,"url":"https:\/\/www.buo-rdc.com\/wp-content\/uploads\/2024\/07\/header-page-BUO-ricotech.jpg","type":"image\/jpeg"}],"twitter_card":"summary_large_image","twitter_misc":{"Dur\u00e9e de lecture est.":"2 minutes"},"schema":{"@context":"https:\/\/schema.org","@graph":[{"@type":"WebPage","@id":"https:\/\/www.buo-rdc.com\/?page_id=46","url":"https:\/\/www.buo-rdc.com\/?page_id=46","name":"D\u00e9veloppement d\u2019applications informatiques RICOTECH - Groupe BUO en RDC - Braun Underwriting Office","isPartOf":{"@id":"https:\/\/www.buo-rdc.com\/#website"},"primaryImageOfPage":{"@id":"https:\/\/www.buo-rdc.com\/?page_id=46#primaryimage"},"image":{"@id":"https:\/\/www.buo-rdc.com\/?page_id=46#primaryimage"},"thumbnailUrl":"https:\/\/www.buo-rdc.com\/wp-content\/uploads\/2024\/07\/header-page-BUO-ricotech.jpg","datePublished":"2024-07-26T15:17:49+00:00","dateModified":"2024-07-26T16:04:35+00:00","breadcrumb":{"@id":"https:\/\/www.buo-rdc.com\/?page_id=46#breadcrumb"},"inLanguage":"fr-BE","potentialAction":[{"@type":"ReadAction","target":["https:\/\/www.buo-rdc.com\/?page_id=46"]}]},{"@type":"ImageObject","inLanguage":"fr-BE","@id":"https:\/\/www.buo-rdc.com\/?page_id=46#primaryimage","url":"https:\/\/www.buo-rdc.com\/wp-content\/uploads\/2024\/07\/header-page-BUO-ricotech.jpg","contentUrl":"https:\/\/www.buo-rdc.com\/wp-content\/uploads\/2024\/07\/header-page-BUO-ricotech.jpg","width":1200,"height":585},{"@type":"BreadcrumbList","@id":"https:\/\/www.buo-rdc.com\/?page_id=46#breadcrumb","itemListElement":[{"@type":"ListItem","position":1,"name":"Accueil","item":"https:\/\/www.buo-rdc.com\/"},{"@type":"ListItem","position":2,"name":"Informatique et finances","item":"https:\/\/www.buo-rdc.com\/?page_id=79"},{"@type":"ListItem","position":3,"name":"D\u00e9veloppement d\u2019applications informatiques RICOTECH"}]},{"@type":"WebSite","@id":"https:\/\/www.buo-rdc.com\/#website","url":"https:\/\/www.buo-rdc.com\/","name":"Groupe BUO en RDC - Braun Underwriting Office","description":"Braun Underwriting O!ce est un groupe actif en R\u00e9publique D\u00e9mocratique du Congo. Le groupe BUO est bas\u00e9 \u00e0 Kinshasa o\u00f9 il a \u00e9t\u00e9 cr\u00e9\u00e9 par Henry E. Braun.","publisher":{"@id":"https:\/\/www.buo-rdc.com\/#organization"},"potentialAction":[{"@type":"SearchAction","target":{"@type":"EntryPoint","urlTemplate":"https:\/\/www.buo-rdc.com\/?s={search_term_string}"},"query-input":{"@type":"PropertyValueSpecification","valueRequired":true,"valueName":"search_term_string"}}],"inLanguage":"fr-BE"},{"@type":"Organization","@id":"https:\/\/www.buo-rdc.com\/#organization","name":"Groupe BUO en RDC - Braun Underwriting Office","url":"https:\/\/www.buo-rdc.com\/","logo":{"@type":"ImageObject","inLanguage":"fr-BE","@id":"https:\/\/www.buo-rdc.com\/#\/schema\/logo\/image\/","url":"https:\/\/www.buo-rdc.com\/wp-content\/uploads\/2024\/07\/LOGO-HEADER.jpg","contentUrl":"https:\/\/www.buo-rdc.com\/wp-content\/uploads\/2024\/07\/LOGO-HEADER.jpg","width":1600,"height":307,"caption":"Groupe BUO en RDC - Braun Underwriting Office"},"image":{"@id":"https:\/\/www.buo-rdc.com\/#\/schema\/logo\/image\/"}}]}},"_links":{"self":[{"href":"https:\/\/www.buo-rdc.com\/index.php?rest_route=\/wp\/v2\/pages\/46","targetHints":{"allow":["GET"]}}],"collection":[{"href":"https:\/\/www.buo-rdc.com\/index.php?rest_route=\/wp\/v2\/pages"}],"about":[{"href":"https:\/\/www.buo-rdc.com\/index.php?rest_route=\/wp\/v2\/types\/page"}],"author":[{"embeddable":true,"href":"https:\/\/www.buo-rdc.com\/index.php?rest_route=\/wp\/v2\/users\/1"}],"replies":[{"embeddable":true,"href":"https:\/\/www.buo-rdc.com\/index.php?rest_route=%2Fwp%2Fv2%2Fcomments&post=46"}],"version-history":[{"count":1,"href":"https:\/\/www.buo-rdc.com\/index.php?rest_route=\/wp\/v2\/pages\/46\/revisions"}],"predecessor-version":[{"id":47,"href":"https:\/\/www.buo-rdc.com\/index.php?rest_route=\/wp\/v2\/pages\/46\/revisions\/47"}],"up":[{"embeddable":true,"href":"https:\/\/www.buo-rdc.com\/index.php?rest_route=\/wp\/v2\/pages\/79"}],"wp:featuredmedia":[{"embeddable":true,"href":"https:\/\/www.buo-rdc.com\/index.php?rest_route=\/wp\/v2\/media\/28"}],"wp:attachment":[{"href":"https:\/\/www.buo-rdc.com\/index.php?rest_route=%2Fwp%2Fv2%2Fmedia&parent=46"}],"curies":[{"name":"wp","href":"https:\/\/api.w.org\/{rel}","templated":true}]}}