{"id":48,"date":"2024-07-26T17:21:07","date_gmt":"2024-07-26T15:21:07","guid":{"rendered":"https:\/\/www.buo-rdc.com\/?page_id=48"},"modified":"2024-07-26T18:05:04","modified_gmt":"2024-07-26T16:05:04","slug":"development-of-computer-applications-ricotech","status":"publish","type":"page","link":"https:\/\/www.buo-rdc.com\/?page_id=48&lang=en","title":{"rendered":"Development of computer applications RICOTECH"},"content":{"rendered":"<p>RICOTECH is a department of the BUO group led by a team of Congolese developers. They design dedicated applications for the BUO group or for third-party customers, considering the constraints specific to the Congolese context.<\/p>\n<p>Here is the presentation of two projects currently operational.<\/p>\n<p><strong><span style=\"font-size: 14pt; color: #800080;\">ACADEMICO<\/span><\/strong><\/p>\n<p><strong>ACADEMICO<\/strong> is software developed for Congolese higher education institutions (EES) such as ISC (Institut Sup\u00e9rieur de Commerce) and ISP (Institut Sup\u00e9rieur P\u00e9dagogique). Objective of the application to improve academic management.<\/p>\n<p>It is available to students and teaching staff to:<\/p>\n<ul>\n<li>Control student numbers.<\/li>\n<li>Manage the cash registers for the payment of fees. Facilitate deliberation.<\/li>\n<li>Establish communication between the HEI and the students. Print badges with barcode for students and EES agents.<\/li>\n<\/ul>\n<p><strong>ACADEMICO<\/strong> is an Android (smartphone) application that runs in PHP. The data is hosted on the EES local server with a replica in the cloud. It is a financing of the BUO Group<\/p>\n<p><strong><span style=\"font-size: 14pt; color: #800080;\">HOITO<\/span><\/strong><\/p>\n<p>HOITO is an application developed for the LISUNGI program of the BUO group. LISUNGI is a guaranteed health care service that works with around twenty hospitals in Kinshasa.<\/p>\n<p>It is operated by:<\/p>\n<p><strong>1 \/ BUO LISUNGI agents for:<\/strong><\/p>\n<ul>\n<li>Perform customer invoicing.<\/li>\n<li>Manage the stock of pharmaceutical products in our pharmacies.<\/li>\n<li>Manage client hospital costs.<\/li>\n<li>Follow the tracking of visits by insured persons to the hospital.<\/li>\n<li>Save a medical certificate for each insured patient.<\/li>\n<li>Print the individual badges of the insured.<\/li>\n<\/ul>\n<p><strong>2 \/ The companies which are announced to LISUNGI for the health care of their staff can:<\/strong><\/p>\n<ul>\n<li>View their bills and payments.<\/li>\n<li>Follow up on their agents.<\/li>\n<\/ul>\n<p><strong>3 \/ Affiliated hospitals:<\/strong><\/p>\n<ul>\n<li>Identification of patients with their badge upon arrival at the hospital.<\/li>\n<li>Doctors have access to each patient\u2019s medical business.<\/li>\n<\/ul>\n<p>HOITO is an application that runs in PHP. The data is hosted in the cloud. It is a financing of the BUO Group<\/p>\n","protected":false},"excerpt":{"rendered":"<p>RICOTECH is a department of the BUO group led by a team of Congolese developers. They design dedicated applications for the BUO group or for third-party customers, considering the constraints specific to the Congolese context. Here is the presentation of two projects currently operational. ACADEMICO ACADEMICO is software developed for Congolese higher education institutions (EES) <a class=\"more-link\" href=\"https:\/\/www.buo-rdc.com\/?page_id=48&#038;lang=en\">Read More &#8230;<\/a><\/p>\n","protected":false},"author":1,"featured_media":28,"parent":81,"menu_order":0,"comment_status":"closed","ping_status":"closed","template":"","meta":{"footnotes":""},"class_list":["post-48","page","type-page","status-publish","has-post-thumbnail","hentry"],"yoast_head":"<!-- This site is optimized with the Yoast SEO plugin v27.5 - https:\/\/yoast.com\/product\/yoast-seo-wordpress\/ -->\n<title>Development of computer applications RICOTECH - Groupe BUO en RDC - Braun Underwriting Office<\/title>\n<meta name=\"robots\" content=\"index, follow, max-snippet:-1, max-image-preview:large, max-video-preview:-1\" \/>\n<link rel=\"canonical\" href=\"https:\/\/www.buo-rdc.com\/?page_id=48&lang=en\" \/>\n<meta property=\"og:locale\" content=\"fr_FR\" \/>\n<meta property=\"og:type\" content=\"article\" \/>\n<meta property=\"og:title\" content=\"Development of computer applications RICOTECH - Groupe BUO en RDC - Braun Underwriting Office\" \/>\n<meta property=\"og:description\" content=\"RICOTECH is a department of the BUO group led by a team of Congolese developers. They design dedicated applications for the BUO group or for third-party customers, considering the constraints specific to the Congolese context. Here is the presentation of two projects currently operational. ACADEMICO ACADEMICO is software developed for Congolese higher education institutions (EES) Read More ...\" \/>\n<meta property=\"og:url\" content=\"https:\/\/www.buo-rdc.com\/?page_id=48&amp;lang=en\" \/>\n<meta property=\"og:site_name\" content=\"Groupe BUO en RDC - Braun Underwriting Office\" \/>\n<meta property=\"article:modified_time\" content=\"2024-07-26T16:05:04+00:00\" \/>\n<meta property=\"og:image\" content=\"https:\/\/www.buo-rdc.com\/wp-content\/uploads\/2024\/07\/header-page-BUO-ricotech.jpg\" \/>\n\t<meta property=\"og:image:width\" content=\"1200\" \/>\n\t<meta property=\"og:image:height\" content=\"585\" \/>\n\t<meta property=\"og:image:type\" content=\"image\/jpeg\" \/>\n<meta name=\"twitter:card\" content=\"summary_large_image\" \/>\n<meta name=\"twitter:label1\" content=\"Dur\u00e9e de lecture est.\" \/>\n\t<meta name=\"twitter:data1\" content=\"2 minutes\" \/>\n<script type=\"application\/ld+json\" class=\"yoast-schema-graph\">{\"@context\":\"https:\\\/\\\/schema.org\",\"@graph\":[{\"@type\":\"WebPage\",\"@id\":\"https:\\\/\\\/www.buo-rdc.com\\\/?page_id=48&lang=en\",\"url\":\"https:\\\/\\\/www.buo-rdc.com\\\/?page_id=48&lang=en\",\"name\":\"Development of computer applications RICOTECH - Groupe BUO en RDC - Braun Underwriting Office\",\"isPartOf\":{\"@id\":\"https:\\\/\\\/www.buo-rdc.com\\\/#website\"},\"primaryImageOfPage\":{\"@id\":\"https:\\\/\\\/www.buo-rdc.com\\\/?page_id=48&lang=en#primaryimage\"},\"image\":{\"@id\":\"https:\\\/\\\/www.buo-rdc.com\\\/?page_id=48&lang=en#primaryimage\"},\"thumbnailUrl\":\"https:\\\/\\\/www.buo-rdc.com\\\/wp-content\\\/uploads\\\/2024\\\/07\\\/header-page-BUO-ricotech.jpg\",\"datePublished\":\"2024-07-26T15:21:07+00:00\",\"dateModified\":\"2024-07-26T16:05:04+00:00\",\"breadcrumb\":{\"@id\":\"https:\\\/\\\/www.buo-rdc.com\\\/?page_id=48&lang=en#breadcrumb\"},\"inLanguage\":\"fr-BE\",\"potentialAction\":[{\"@type\":\"ReadAction\",\"target\":[\"https:\\\/\\\/www.buo-rdc.com\\\/?page_id=48&lang=en\"]}]},{\"@type\":\"ImageObject\",\"inLanguage\":\"fr-BE\",\"@id\":\"https:\\\/\\\/www.buo-rdc.com\\\/?page_id=48&lang=en#primaryimage\",\"url\":\"https:\\\/\\\/www.buo-rdc.com\\\/wp-content\\\/uploads\\\/2024\\\/07\\\/header-page-BUO-ricotech.jpg\",\"contentUrl\":\"https:\\\/\\\/www.buo-rdc.com\\\/wp-content\\\/uploads\\\/2024\\\/07\\\/header-page-BUO-ricotech.jpg\",\"width\":1200,\"height\":585},{\"@type\":\"BreadcrumbList\",\"@id\":\"https:\\\/\\\/www.buo-rdc.com\\\/?page_id=48&lang=en#breadcrumb\",\"itemListElement\":[{\"@type\":\"ListItem\",\"position\":1,\"name\":\"Accueil\",\"item\":\"https:\\\/\\\/www.buo-rdc.com\\\/\"},{\"@type\":\"ListItem\",\"position\":2,\"name\":\"IT and Finance\",\"item\":\"https:\\\/\\\/www.buo-rdc.com\\\/?page_id=81&lang=en\"},{\"@type\":\"ListItem\",\"position\":3,\"name\":\"Development of computer applications RICOTECH\"}]},{\"@type\":\"WebSite\",\"@id\":\"https:\\\/\\\/www.buo-rdc.com\\\/#website\",\"url\":\"https:\\\/\\\/www.buo-rdc.com\\\/\",\"name\":\"Groupe BUO en RDC - Braun Underwriting Office\",\"description\":\"Braun Underwriting O!ce est un groupe actif en R\u00e9publique D\u00e9mocratique du Congo. Le groupe BUO est bas\u00e9 \u00e0 Kinshasa o\u00f9 il a \u00e9t\u00e9 cr\u00e9\u00e9 par Henry E. Braun.\",\"publisher\":{\"@id\":\"https:\\\/\\\/www.buo-rdc.com\\\/#organization\"},\"potentialAction\":[{\"@type\":\"SearchAction\",\"target\":{\"@type\":\"EntryPoint\",\"urlTemplate\":\"https:\\\/\\\/www.buo-rdc.com\\\/?s={search_term_string}\"},\"query-input\":{\"@type\":\"PropertyValueSpecification\",\"valueRequired\":true,\"valueName\":\"search_term_string\"}}],\"inLanguage\":\"fr-BE\"},{\"@type\":\"Organization\",\"@id\":\"https:\\\/\\\/www.buo-rdc.com\\\/#organization\",\"name\":\"Groupe BUO en RDC - Braun Underwriting Office\",\"url\":\"https:\\\/\\\/www.buo-rdc.com\\\/\",\"logo\":{\"@type\":\"ImageObject\",\"inLanguage\":\"fr-BE\",\"@id\":\"https:\\\/\\\/www.buo-rdc.com\\\/#\\\/schema\\\/logo\\\/image\\\/\",\"url\":\"https:\\\/\\\/www.buo-rdc.com\\\/wp-content\\\/uploads\\\/2024\\\/07\\\/LOGO-HEADER.jpg\",\"contentUrl\":\"https:\\\/\\\/www.buo-rdc.com\\\/wp-content\\\/uploads\\\/2024\\\/07\\\/LOGO-HEADER.jpg\",\"width\":1600,\"height\":307,\"caption\":\"Groupe BUO en RDC - Braun Underwriting Office\"},\"image\":{\"@id\":\"https:\\\/\\\/www.buo-rdc.com\\\/#\\\/schema\\\/logo\\\/image\\\/\"}}]}<\/script>\n<!-- \/ Yoast SEO plugin. -->","yoast_head_json":{"title":"Development of computer applications RICOTECH - Groupe BUO en RDC - Braun Underwriting Office","robots":{"index":"index","follow":"follow","max-snippet":"max-snippet:-1","max-image-preview":"max-image-preview:large","max-video-preview":"max-video-preview:-1"},"canonical":"https:\/\/www.buo-rdc.com\/?page_id=48&lang=en","og_locale":"fr_FR","og_type":"article","og_title":"Development of computer applications RICOTECH - Groupe BUO en RDC - Braun Underwriting Office","og_description":"RICOTECH is a department of the BUO group led by a team of Congolese developers. They design dedicated applications for the BUO group or for third-party customers, considering the constraints specific to the Congolese context. Here is the presentation of two projects currently operational. ACADEMICO ACADEMICO is software developed for Congolese higher education institutions (EES) Read More ...","og_url":"https:\/\/www.buo-rdc.com\/?page_id=48&lang=en","og_site_name":"Groupe BUO en RDC - Braun Underwriting Office","article_modified_time":"2024-07-26T16:05:04+00:00","og_image":[{"width":1200,"height":585,"url":"https:\/\/www.buo-rdc.com\/wp-content\/uploads\/2024\/07\/header-page-BUO-ricotech.jpg","type":"image\/jpeg"}],"twitter_card":"summary_large_image","twitter_misc":{"Dur\u00e9e de lecture est.":"2 minutes"},"schema":{"@context":"https:\/\/schema.org","@graph":[{"@type":"WebPage","@id":"https:\/\/www.buo-rdc.com\/?page_id=48&lang=en","url":"https:\/\/www.buo-rdc.com\/?page_id=48&lang=en","name":"Development of computer applications RICOTECH - Groupe BUO en RDC - Braun Underwriting Office","isPartOf":{"@id":"https:\/\/www.buo-rdc.com\/#website"},"primaryImageOfPage":{"@id":"https:\/\/www.buo-rdc.com\/?page_id=48&lang=en#primaryimage"},"image":{"@id":"https:\/\/www.buo-rdc.com\/?page_id=48&lang=en#primaryimage"},"thumbnailUrl":"https:\/\/www.buo-rdc.com\/wp-content\/uploads\/2024\/07\/header-page-BUO-ricotech.jpg","datePublished":"2024-07-26T15:21:07+00:00","dateModified":"2024-07-26T16:05:04+00:00","breadcrumb":{"@id":"https:\/\/www.buo-rdc.com\/?page_id=48&lang=en#breadcrumb"},"inLanguage":"fr-BE","potentialAction":[{"@type":"ReadAction","target":["https:\/\/www.buo-rdc.com\/?page_id=48&lang=en"]}]},{"@type":"ImageObject","inLanguage":"fr-BE","@id":"https:\/\/www.buo-rdc.com\/?page_id=48&lang=en#primaryimage","url":"https:\/\/www.buo-rdc.com\/wp-content\/uploads\/2024\/07\/header-page-BUO-ricotech.jpg","contentUrl":"https:\/\/www.buo-rdc.com\/wp-content\/uploads\/2024\/07\/header-page-BUO-ricotech.jpg","width":1200,"height":585},{"@type":"BreadcrumbList","@id":"https:\/\/www.buo-rdc.com\/?page_id=48&lang=en#breadcrumb","itemListElement":[{"@type":"ListItem","position":1,"name":"Accueil","item":"https:\/\/www.buo-rdc.com\/"},{"@type":"ListItem","position":2,"name":"IT and Finance","item":"https:\/\/www.buo-rdc.com\/?page_id=81&lang=en"},{"@type":"ListItem","position":3,"name":"Development of computer applications RICOTECH"}]},{"@type":"WebSite","@id":"https:\/\/www.buo-rdc.com\/#website","url":"https:\/\/www.buo-rdc.com\/","name":"Groupe BUO en RDC - Braun Underwriting Office","description":"Braun Underwriting O!ce est un groupe actif en R\u00e9publique D\u00e9mocratique du Congo. Le groupe BUO est bas\u00e9 \u00e0 Kinshasa o\u00f9 il a \u00e9t\u00e9 cr\u00e9\u00e9 par Henry E. Braun.","publisher":{"@id":"https:\/\/www.buo-rdc.com\/#organization"},"potentialAction":[{"@type":"SearchAction","target":{"@type":"EntryPoint","urlTemplate":"https:\/\/www.buo-rdc.com\/?s={search_term_string}"},"query-input":{"@type":"PropertyValueSpecification","valueRequired":true,"valueName":"search_term_string"}}],"inLanguage":"fr-BE"},{"@type":"Organization","@id":"https:\/\/www.buo-rdc.com\/#organization","name":"Groupe BUO en RDC - Braun Underwriting Office","url":"https:\/\/www.buo-rdc.com\/","logo":{"@type":"ImageObject","inLanguage":"fr-BE","@id":"https:\/\/www.buo-rdc.com\/#\/schema\/logo\/image\/","url":"https:\/\/www.buo-rdc.com\/wp-content\/uploads\/2024\/07\/LOGO-HEADER.jpg","contentUrl":"https:\/\/www.buo-rdc.com\/wp-content\/uploads\/2024\/07\/LOGO-HEADER.jpg","width":1600,"height":307,"caption":"Groupe BUO en RDC - Braun Underwriting Office"},"image":{"@id":"https:\/\/www.buo-rdc.com\/#\/schema\/logo\/image\/"}}]}},"_links":{"self":[{"href":"https:\/\/www.buo-rdc.com\/index.php?rest_route=\/wp\/v2\/pages\/48","targetHints":{"allow":["GET"]}}],"collection":[{"href":"https:\/\/www.buo-rdc.com\/index.php?rest_route=\/wp\/v2\/pages"}],"about":[{"href":"https:\/\/www.buo-rdc.com\/index.php?rest_route=\/wp\/v2\/types\/page"}],"author":[{"embeddable":true,"href":"https:\/\/www.buo-rdc.com\/index.php?rest_route=\/wp\/v2\/users\/1"}],"replies":[{"embeddable":true,"href":"https:\/\/www.buo-rdc.com\/index.php?rest_route=%2Fwp%2Fv2%2Fcomments&post=48"}],"version-history":[{"count":1,"href":"https:\/\/www.buo-rdc.com\/index.php?rest_route=\/wp\/v2\/pages\/48\/revisions"}],"predecessor-version":[{"id":49,"href":"https:\/\/www.buo-rdc.com\/index.php?rest_route=\/wp\/v2\/pages\/48\/revisions\/49"}],"up":[{"embeddable":true,"href":"https:\/\/www.buo-rdc.com\/index.php?rest_route=\/wp\/v2\/pages\/81"}],"wp:featuredmedia":[{"embeddable":true,"href":"https:\/\/www.buo-rdc.com\/index.php?rest_route=\/wp\/v2\/media\/28"}],"wp:attachment":[{"href":"https:\/\/www.buo-rdc.com\/index.php?rest_route=%2Fwp%2Fv2%2Fmedia&parent=48"}],"curies":[{"name":"wp","href":"https:\/\/api.w.org\/{rel}","templated":true}]}}