{"id":50,"date":"2024-07-26T17:22:56","date_gmt":"2024-07-26T15:22:56","guid":{"rendered":"https:\/\/www.buo-rdc.com\/?page_id=50"},"modified":"2024-07-26T18:05:52","modified_gmt":"2024-07-26T16:05:52","slug":"socenfin-engineering-financier-et-financement-de-projets","status":"publish","type":"page","link":"https:\/\/www.buo-rdc.com\/?page_id=50","title":{"rendered":"SOCENFIN : Engineering financier et financement de projets"},"content":{"rendered":"<p>SOCENFIN propose son expertise pour examiner vos projets commerciaux et industriels et rechercher un financement aupr\u00e8s de ses partenaires financiers congolais ou \u00e9trangers.<\/p>\n<p>Ce service est directement g\u00e9r\u00e9 par Henry E. Braun, PDG du groupe BUO.<\/p>\n<p>Un exemple parmi d\u2019autres :<br \/>\nEn 2018, SOCENFIN a obtenu pour la SOFIDE (Soci\u00e9t\u00e9 Financi\u00e8re de D\u00e9veloppement) un financement \u00e0 hauteur de 10 millions de dollars aupr\u00e8s de AFREXIM BANK coupl\u00e9 avec une assurance cr\u00e9dit aupr\u00e8s de AFRICAN GUARANTEE GROUP.<\/p>\n<hr \/>\n<p>Pour plus d\u2019informations, veuillez contacter le secr\u00e9tariat de direction du groupe BUO au num\u00e9ro +243 817 109 439 ou par e-mail: info@buo-rdc.com<\/p>\n","protected":false},"excerpt":{"rendered":"<p>SOCENFIN propose son expertise pour examiner vos projets commerciaux et industriels et rechercher un financement aupr\u00e8s de ses partenaires financiers congolais ou \u00e9trangers. Ce service est directement g\u00e9r\u00e9 par Henry E. Braun, PDG du groupe BUO. Un exemple parmi d\u2019autres : En 2018, SOCENFIN a obtenu pour la SOFIDE (Soci\u00e9t\u00e9 Financi\u00e8re de D\u00e9veloppement) un financement <a class=\"more-link\" href=\"https:\/\/www.buo-rdc.com\/?page_id=50\">Read More &#8230;<\/a><\/p>\n","protected":false},"author":1,"featured_media":31,"parent":79,"menu_order":0,"comment_status":"closed","ping_status":"closed","template":"","meta":{"footnotes":""},"class_list":["post-50","page","type-page","status-publish","has-post-thumbnail","hentry"],"yoast_head":"<!-- This site is optimized with the Yoast SEO plugin v27.4 - https:\/\/yoast.com\/product\/yoast-seo-wordpress\/ -->\n<title>SOCENFIN : Engineering financier et financement de projets - Groupe BUO en RDC - Braun Underwriting Office<\/title>\n<meta name=\"robots\" content=\"index, follow, max-snippet:-1, max-image-preview:large, max-video-preview:-1\" \/>\n<link rel=\"canonical\" href=\"https:\/\/www.buo-rdc.com\/?page_id=50\" \/>\n<meta property=\"og:locale\" content=\"fr_FR\" \/>\n<meta property=\"og:type\" content=\"article\" \/>\n<meta property=\"og:title\" content=\"SOCENFIN : Engineering financier et financement de projets - Groupe BUO en RDC - Braun Underwriting Office\" \/>\n<meta property=\"og:description\" content=\"SOCENFIN propose son expertise pour examiner vos projets commerciaux et industriels et rechercher un financement aupr\u00e8s de ses partenaires financiers congolais ou \u00e9trangers. Ce service est directement g\u00e9r\u00e9 par Henry E. Braun, PDG du groupe BUO. Un exemple parmi d\u2019autres : En 2018, SOCENFIN a obtenu pour la SOFIDE (Soci\u00e9t\u00e9 Financi\u00e8re de D\u00e9veloppement) un financement Read More ...\" \/>\n<meta property=\"og:url\" content=\"https:\/\/www.buo-rdc.com\/?page_id=50\" \/>\n<meta property=\"og:site_name\" content=\"Groupe BUO en RDC - Braun Underwriting Office\" \/>\n<meta property=\"article:modified_time\" content=\"2024-07-26T16:05:52+00:00\" \/>\n<meta property=\"og:image\" content=\"https:\/\/www.buo-rdc.com\/wp-content\/uploads\/2024\/07\/header-page-BUO-SOCENFIN-.jpg\" \/>\n\t<meta property=\"og:image:width\" content=\"1200\" \/>\n\t<meta property=\"og:image:height\" content=\"585\" \/>\n\t<meta property=\"og:image:type\" content=\"image\/jpeg\" \/>\n<meta name=\"twitter:card\" content=\"summary_large_image\" \/>\n<meta name=\"twitter:label1\" content=\"Dur\u00e9e de lecture est.\" \/>\n\t<meta name=\"twitter:data1\" content=\"1 minute\" \/>\n<script type=\"application\/ld+json\" class=\"yoast-schema-graph\">{\"@context\":\"https:\\\/\\\/schema.org\",\"@graph\":[{\"@type\":\"WebPage\",\"@id\":\"https:\\\/\\\/www.buo-rdc.com\\\/?page_id=50\",\"url\":\"https:\\\/\\\/www.buo-rdc.com\\\/?page_id=50\",\"name\":\"SOCENFIN : Engineering financier et financement de projets - Groupe BUO en RDC - Braun Underwriting Office\",\"isPartOf\":{\"@id\":\"https:\\\/\\\/www.buo-rdc.com\\\/#website\"},\"primaryImageOfPage\":{\"@id\":\"https:\\\/\\\/www.buo-rdc.com\\\/?page_id=50#primaryimage\"},\"image\":{\"@id\":\"https:\\\/\\\/www.buo-rdc.com\\\/?page_id=50#primaryimage\"},\"thumbnailUrl\":\"https:\\\/\\\/www.buo-rdc.com\\\/wp-content\\\/uploads\\\/2024\\\/07\\\/header-page-BUO-SOCENFIN-.jpg\",\"datePublished\":\"2024-07-26T15:22:56+00:00\",\"dateModified\":\"2024-07-26T16:05:52+00:00\",\"breadcrumb\":{\"@id\":\"https:\\\/\\\/www.buo-rdc.com\\\/?page_id=50#breadcrumb\"},\"inLanguage\":\"fr-BE\",\"potentialAction\":[{\"@type\":\"ReadAction\",\"target\":[\"https:\\\/\\\/www.buo-rdc.com\\\/?page_id=50\"]}]},{\"@type\":\"ImageObject\",\"inLanguage\":\"fr-BE\",\"@id\":\"https:\\\/\\\/www.buo-rdc.com\\\/?page_id=50#primaryimage\",\"url\":\"https:\\\/\\\/www.buo-rdc.com\\\/wp-content\\\/uploads\\\/2024\\\/07\\\/header-page-BUO-SOCENFIN-.jpg\",\"contentUrl\":\"https:\\\/\\\/www.buo-rdc.com\\\/wp-content\\\/uploads\\\/2024\\\/07\\\/header-page-BUO-SOCENFIN-.jpg\",\"width\":1200,\"height\":585},{\"@type\":\"BreadcrumbList\",\"@id\":\"https:\\\/\\\/www.buo-rdc.com\\\/?page_id=50#breadcrumb\",\"itemListElement\":[{\"@type\":\"ListItem\",\"position\":1,\"name\":\"Accueil\",\"item\":\"https:\\\/\\\/www.buo-rdc.com\\\/\"},{\"@type\":\"ListItem\",\"position\":2,\"name\":\"Informatique et finances\",\"item\":\"https:\\\/\\\/www.buo-rdc.com\\\/?page_id=79\"},{\"@type\":\"ListItem\",\"position\":3,\"name\":\"SOCENFIN : Engineering financier et financement de projets\"}]},{\"@type\":\"WebSite\",\"@id\":\"https:\\\/\\\/www.buo-rdc.com\\\/#website\",\"url\":\"https:\\\/\\\/www.buo-rdc.com\\\/\",\"name\":\"Groupe BUO en RDC - Braun Underwriting Office\",\"description\":\"Braun Underwriting O!ce est un groupe actif en R\u00e9publique D\u00e9mocratique du Congo. Le groupe BUO est bas\u00e9 \u00e0 Kinshasa o\u00f9 il a \u00e9t\u00e9 cr\u00e9\u00e9 par Henry E. Braun.\",\"publisher\":{\"@id\":\"https:\\\/\\\/www.buo-rdc.com\\\/#organization\"},\"potentialAction\":[{\"@type\":\"SearchAction\",\"target\":{\"@type\":\"EntryPoint\",\"urlTemplate\":\"https:\\\/\\\/www.buo-rdc.com\\\/?s={search_term_string}\"},\"query-input\":{\"@type\":\"PropertyValueSpecification\",\"valueRequired\":true,\"valueName\":\"search_term_string\"}}],\"inLanguage\":\"fr-BE\"},{\"@type\":\"Organization\",\"@id\":\"https:\\\/\\\/www.buo-rdc.com\\\/#organization\",\"name\":\"Groupe BUO en RDC - Braun Underwriting Office\",\"url\":\"https:\\\/\\\/www.buo-rdc.com\\\/\",\"logo\":{\"@type\":\"ImageObject\",\"inLanguage\":\"fr-BE\",\"@id\":\"https:\\\/\\\/www.buo-rdc.com\\\/#\\\/schema\\\/logo\\\/image\\\/\",\"url\":\"https:\\\/\\\/www.buo-rdc.com\\\/wp-content\\\/uploads\\\/2024\\\/07\\\/LOGO-HEADER.jpg\",\"contentUrl\":\"https:\\\/\\\/www.buo-rdc.com\\\/wp-content\\\/uploads\\\/2024\\\/07\\\/LOGO-HEADER.jpg\",\"width\":1600,\"height\":307,\"caption\":\"Groupe BUO en RDC - Braun Underwriting Office\"},\"image\":{\"@id\":\"https:\\\/\\\/www.buo-rdc.com\\\/#\\\/schema\\\/logo\\\/image\\\/\"}}]}<\/script>\n<!-- \/ Yoast SEO plugin. -->","yoast_head_json":{"title":"SOCENFIN : Engineering financier et financement de projets - Groupe BUO en RDC - Braun Underwriting Office","robots":{"index":"index","follow":"follow","max-snippet":"max-snippet:-1","max-image-preview":"max-image-preview:large","max-video-preview":"max-video-preview:-1"},"canonical":"https:\/\/www.buo-rdc.com\/?page_id=50","og_locale":"fr_FR","og_type":"article","og_title":"SOCENFIN : Engineering financier et financement de projets - Groupe BUO en RDC - Braun Underwriting Office","og_description":"SOCENFIN propose son expertise pour examiner vos projets commerciaux et industriels et rechercher un financement aupr\u00e8s de ses partenaires financiers congolais ou \u00e9trangers. Ce service est directement g\u00e9r\u00e9 par Henry E. Braun, PDG du groupe BUO. Un exemple parmi d\u2019autres : En 2018, SOCENFIN a obtenu pour la SOFIDE (Soci\u00e9t\u00e9 Financi\u00e8re de D\u00e9veloppement) un financement Read More ...","og_url":"https:\/\/www.buo-rdc.com\/?page_id=50","og_site_name":"Groupe BUO en RDC - Braun Underwriting Office","article_modified_time":"2024-07-26T16:05:52+00:00","og_image":[{"width":1200,"height":585,"url":"https:\/\/www.buo-rdc.com\/wp-content\/uploads\/2024\/07\/header-page-BUO-SOCENFIN-.jpg","type":"image\/jpeg"}],"twitter_card":"summary_large_image","twitter_misc":{"Dur\u00e9e de lecture est.":"1 minute"},"schema":{"@context":"https:\/\/schema.org","@graph":[{"@type":"WebPage","@id":"https:\/\/www.buo-rdc.com\/?page_id=50","url":"https:\/\/www.buo-rdc.com\/?page_id=50","name":"SOCENFIN : Engineering financier et financement de projets - Groupe BUO en RDC - Braun Underwriting Office","isPartOf":{"@id":"https:\/\/www.buo-rdc.com\/#website"},"primaryImageOfPage":{"@id":"https:\/\/www.buo-rdc.com\/?page_id=50#primaryimage"},"image":{"@id":"https:\/\/www.buo-rdc.com\/?page_id=50#primaryimage"},"thumbnailUrl":"https:\/\/www.buo-rdc.com\/wp-content\/uploads\/2024\/07\/header-page-BUO-SOCENFIN-.jpg","datePublished":"2024-07-26T15:22:56+00:00","dateModified":"2024-07-26T16:05:52+00:00","breadcrumb":{"@id":"https:\/\/www.buo-rdc.com\/?page_id=50#breadcrumb"},"inLanguage":"fr-BE","potentialAction":[{"@type":"ReadAction","target":["https:\/\/www.buo-rdc.com\/?page_id=50"]}]},{"@type":"ImageObject","inLanguage":"fr-BE","@id":"https:\/\/www.buo-rdc.com\/?page_id=50#primaryimage","url":"https:\/\/www.buo-rdc.com\/wp-content\/uploads\/2024\/07\/header-page-BUO-SOCENFIN-.jpg","contentUrl":"https:\/\/www.buo-rdc.com\/wp-content\/uploads\/2024\/07\/header-page-BUO-SOCENFIN-.jpg","width":1200,"height":585},{"@type":"BreadcrumbList","@id":"https:\/\/www.buo-rdc.com\/?page_id=50#breadcrumb","itemListElement":[{"@type":"ListItem","position":1,"name":"Accueil","item":"https:\/\/www.buo-rdc.com\/"},{"@type":"ListItem","position":2,"name":"Informatique et finances","item":"https:\/\/www.buo-rdc.com\/?page_id=79"},{"@type":"ListItem","position":3,"name":"SOCENFIN : Engineering financier et financement de projets"}]},{"@type":"WebSite","@id":"https:\/\/www.buo-rdc.com\/#website","url":"https:\/\/www.buo-rdc.com\/","name":"Groupe BUO en RDC - Braun Underwriting Office","description":"Braun Underwriting O!ce est un groupe actif en R\u00e9publique D\u00e9mocratique du Congo. Le groupe BUO est bas\u00e9 \u00e0 Kinshasa o\u00f9 il a \u00e9t\u00e9 cr\u00e9\u00e9 par Henry E. Braun.","publisher":{"@id":"https:\/\/www.buo-rdc.com\/#organization"},"potentialAction":[{"@type":"SearchAction","target":{"@type":"EntryPoint","urlTemplate":"https:\/\/www.buo-rdc.com\/?s={search_term_string}"},"query-input":{"@type":"PropertyValueSpecification","valueRequired":true,"valueName":"search_term_string"}}],"inLanguage":"fr-BE"},{"@type":"Organization","@id":"https:\/\/www.buo-rdc.com\/#organization","name":"Groupe BUO en RDC - Braun Underwriting Office","url":"https:\/\/www.buo-rdc.com\/","logo":{"@type":"ImageObject","inLanguage":"fr-BE","@id":"https:\/\/www.buo-rdc.com\/#\/schema\/logo\/image\/","url":"https:\/\/www.buo-rdc.com\/wp-content\/uploads\/2024\/07\/LOGO-HEADER.jpg","contentUrl":"https:\/\/www.buo-rdc.com\/wp-content\/uploads\/2024\/07\/LOGO-HEADER.jpg","width":1600,"height":307,"caption":"Groupe BUO en RDC - Braun Underwriting Office"},"image":{"@id":"https:\/\/www.buo-rdc.com\/#\/schema\/logo\/image\/"}}]}},"_links":{"self":[{"href":"https:\/\/www.buo-rdc.com\/index.php?rest_route=\/wp\/v2\/pages\/50","targetHints":{"allow":["GET"]}}],"collection":[{"href":"https:\/\/www.buo-rdc.com\/index.php?rest_route=\/wp\/v2\/pages"}],"about":[{"href":"https:\/\/www.buo-rdc.com\/index.php?rest_route=\/wp\/v2\/types\/page"}],"author":[{"embeddable":true,"href":"https:\/\/www.buo-rdc.com\/index.php?rest_route=\/wp\/v2\/users\/1"}],"replies":[{"embeddable":true,"href":"https:\/\/www.buo-rdc.com\/index.php?rest_route=%2Fwp%2Fv2%2Fcomments&post=50"}],"version-history":[{"count":1,"href":"https:\/\/www.buo-rdc.com\/index.php?rest_route=\/wp\/v2\/pages\/50\/revisions"}],"predecessor-version":[{"id":51,"href":"https:\/\/www.buo-rdc.com\/index.php?rest_route=\/wp\/v2\/pages\/50\/revisions\/51"}],"up":[{"embeddable":true,"href":"https:\/\/www.buo-rdc.com\/index.php?rest_route=\/wp\/v2\/pages\/79"}],"wp:featuredmedia":[{"embeddable":true,"href":"https:\/\/www.buo-rdc.com\/index.php?rest_route=\/wp\/v2\/media\/31"}],"wp:attachment":[{"href":"https:\/\/www.buo-rdc.com\/index.php?rest_route=%2Fwp%2Fv2%2Fmedia&parent=50"}],"curies":[{"name":"wp","href":"https:\/\/api.w.org\/{rel}","templated":true}]}}